{"id":6775,"date":"2021-09-01T06:53:37","date_gmt":"2021-09-01T06:53:37","guid":{"rendered":"https:\/\/imker-stadt-kassel.de\/?page_id=6775"},"modified":"2021-09-01T06:57:52","modified_gmt":"2021-09-01T06:57:52","slug":"neuigkeiten","status":"publish","type":"page","link":"https:\/\/imker-stadt-kassel.de\/?page_id=6775","title":{"rendered":"Neuigkeiten"},"content":{"rendered":"\t\t<div data-elementor-type=\"wp-page\" data-elementor-id=\"6775\" class=\"elementor elementor-6775\">\n\t\t\t\t\t\t<div class=\"elementor-inner\">\n\t\t\t\t<div class=\"elementor-section-wrap\">\n\t\t\t\t\t\t\t\t\t<section class=\"elementor-section elementor-top-section elementor-element elementor-element-5bfc04e4 elementor-section-boxed elementor-section-height-default elementor-section-height-default\" data-id=\"5bfc04e4\" data-element_type=\"section\" data-settings=\"{&quot;background_background&quot;:&quot;classic&quot;}\">\n\t\t\t\t\t\t<div class=\"elementor-container elementor-column-gap-thegem\">\n\t\t\t\t\t\t\t<div class=\"elementor-row\">\n\t\t\t\t\t<div class=\"elementor-column elementor-col-100 elementor-top-column elementor-element elementor-element-552ef76a\" data-id=\"552ef76a\" data-element_type=\"column\">\n\t\t\t<div class=\"elementor-column-wrap elementor-element-populated\">\n\t\t\t\t\t\t\t<div class=\"elementor-widget-wrap\">\n\t\t\t\t\t\t<div class=\"elementor-element elementor-element-967b257 elementor-widget elementor-widget-heading\" data-id=\"967b257\" data-element_type=\"widget\" data-widget_type=\"heading.default\">\n\t\t\t\t<div class=\"elementor-widget-container\">\n\t\t\t<div class=\"title-h1 elementor-heading-title elementor-size-default\">Aktuelles<\/div>\t\t<\/div>\n\t\t\t\t<\/div>\n\t\t\t\t<section class=\"elementor-section elementor-inner-section elementor-element elementor-element-e5b609 elementor-section-boxed elementor-section-height-default elementor-section-height-default\" data-id=\"e5b609\" data-element_type=\"section\">\n\t\t\t\t\t\t<div class=\"elementor-container elementor-column-gap-thegem\">\n\t\t\t\t\t\t\t<div class=\"elementor-row\">\n\t\t\t\t\t<div class=\"elementor-column elementor-col-50 elementor-inner-column elementor-element elementor-element-79a8997c\" data-id=\"79a8997c\" data-element_type=\"column\" data-settings=\"{&quot;background_background&quot;:&quot;classic&quot;}\">\n\t\t\t<div class=\"elementor-column-wrap elementor-element-populated\">\n\t\t\t\t\t\t\t<div class=\"elementor-widget-wrap\">\n\t\t\t\t\t\t<div class=\"elementor-element elementor-element-2f757256 elementor-widget elementor-widget-thegem-bloglist\" data-id=\"2f757256\" data-element_type=\"widget\" data-settings=\"{&quot;select_blog_cat&quot;:[&quot;aktuelles&quot;],&quot;thegem_elementor_preset&quot;:&quot;compact&quot;,&quot;items_per_page&quot;:8,&quot;loadmore_button_stretch_fullwidth&quot;:&quot;no&quot;,&quot;image_icon_show&quot;:&quot;yes&quot;}\" data-widget_type=\"thegem-bloglist.default\">\n\t\t\t\t<div class=\"elementor-widget-container\">\n\t\t\t\t\t\t<style>.bloglist .post-img a:hover:after{opacity: 1 !important;}<\/style>\n\t\t\t\t\t<div class=\"preloader\"><div class=\"preloader-spin\"><\/div><\/div>\n\t\t\t<div class=\"bloglist blog clearfix  blog-style-compact  \" data-page=\"1\" data-paged=\"1\" data-next-page=\"0\" data-load-more-action=\"thegem_bloglist_load_more\">\n\t\t\t\n<article id=\"post-6888\" class=\"no-image clearfix  no-meta item-animations-not-inited post-6888 post type-post status-publish format-standard has-post-thumbnail category-aktuelles category-mitglieder-beitrag\">\n\t<div class=\"item-post-container\">\n\t\t\n\t\t\t\t\t<div class=\"gem-compact-item-left\">\n\t\t\t\t<div class=\"gem-compact-item-image post-img\">\n\t\t\t\t\t<a class=\"default\" href=\"https:\/\/imker-stadt-kassel.de\/?p=6888\"><img width=\"366\" height=\"296\" src=\"https:\/\/imker-stadt-kassel.de\/wp-content\/uploads\/2021\/08\/63986674-1-thegem-blog-compact.jpg\" class=\"img-responsive wp-post-image\" alt=\"63986674\" \/><\/a>\n\t\t\t\t<\/div>\n\t\t\t<\/div>\n\t\t\n\t\t<div class=\"gem-compact-item-right caption-container\">\n\t\t\t<div class=\"gem-compact-item-content\">\n\n\t\t\t\t<div class=\"post-title\">\n\t\t\t\t\t\t\t\t\t\t\t<h5 class=\"entry-title reverse-link-color\"><a href=\"https:\/\/imker-stadt-kassel.de\/?p=6888\" rel=\"bookmark\"><span class=\"entry-title-date\"><\/span><span class=\"light\">Kein Bienenkauf ohne g\u00fcltiges Gesundheitszeugnis!<\/span><\/a><\/h5>\t\t\t\t\t\t\t\t\t<\/div>\n\n\t\t\t\t\t\t\t\t\t<div class=\"post-text\">\n\t\t\t\t\t\t<div class=\"summary\">\n\t\t\t\t\t\t\t\t\t\t\t\t\t\t\t<p>Liebe Imkerfreunde und Imkerfreundinnen! Nicht wenige von uns haben nicht alle ihre V\u00f6lker durch den Winter bekommen.&nbsp;Sollten Sie auf der&#8230;<\/p>\n\t\t\t\t\t\t\t\t\t\t\t\t\t<\/div>\n\t\t\t\t\t<\/div>\n\t\t\t\t\n\t\t\t<\/div>\n\n\t\t\t<div class=\"post-meta\">\n\t\t\t\t<div class=\"entry-meta clearfix gem-post-date\">\n\t\t\t\t\t<div class=\"post-meta-right\">\n\t\t\t\t\t\t\t\t\t\t\t\t\t\t\t\t\t\t\t\t\t\t\t<\/div>\n\t\t\t\t\t<div class=\"post-meta-left\">\n\t\t\t\t\t\t\t\t\t\t\t<\/div>\n\t\t\t\t<\/div><!-- .entry-meta -->\n\t\t\t<\/div>\n\t\t<\/div>\n\t<\/div>\t\n<\/article><!-- #post-6888 -->\n\n<article id=\"post-4848\" class=\"no-image clearfix  no-meta item-animations-not-inited post-4848 post type-post status-publish format-standard has-post-thumbnail category-aktuelles category-mitglieder-beitrag\">\n\t<div class=\"item-post-container\">\n\t\t\n\t\t\t\t\t<div class=\"gem-compact-item-left\">\n\t\t\t\t<div class=\"gem-compact-item-image post-img\">\n\t\t\t\t\t<a class=\"default\" href=\"https:\/\/imker-stadt-kassel.de\/?p=4848\"><img width=\"366\" height=\"296\" src=\"https:\/\/imker-stadt-kassel.de\/wp-content\/uploads\/2021\/08\/JH-Bienenstock-Dach-thegem-blog-compact.jpg\" class=\"img-responsive wp-post-image\" alt=\"\u00a9 Judith Hoppe\" \/><\/a>\n\t\t\t\t<\/div>\n\t\t\t<\/div>\n\t\t\n\t\t<div class=\"gem-compact-item-right caption-container\">\n\t\t\t<div class=\"gem-compact-item-content\">\n\n\t\t\t\t<div class=\"post-title\">\n\t\t\t\t\t\t\t\t\t\t\t<h5 class=\"entry-title reverse-link-color\"><a href=\"https:\/\/imker-stadt-kassel.de\/?p=4848\" rel=\"bookmark\"><span class=\"entry-title-date\"><\/span><span class=\"light\">Gedanken zum und \u00fcber das Aufstellen unserer Bienenv\u00f6lker<\/span><\/a><\/h5>\t\t\t\t\t\t\t\t\t<\/div>\n\n\t\t\t\t\t\t\t\t\t<div class=\"post-text\">\n\t\t\t\t\t\t<div class=\"summary\">\n\t\t\t\t\t\t\t\t\t\t\t\t\t\t\t<p>Es ist wohl allgemeiner Konsens, dass der urspr\u00fcngliche Lebensraum der bei uns gehaltenen Honigbiene der Wald war und da, wo&#8230;<\/p>\n\t\t\t\t\t\t\t\t\t\t\t\t\t<\/div>\n\t\t\t\t\t<\/div>\n\t\t\t\t\n\t\t\t<\/div>\n\n\t\t\t<div class=\"post-meta\">\n\t\t\t\t<div class=\"entry-meta clearfix gem-post-date\">\n\t\t\t\t\t<div class=\"post-meta-right\">\n\t\t\t\t\t\t\t\t\t\t\t\t\t\t\t\t\t\t\t\t\t\t\t<\/div>\n\t\t\t\t\t<div class=\"post-meta-left\">\n\t\t\t\t\t\t\t\t\t\t\t<\/div>\n\t\t\t\t<\/div><!-- .entry-meta -->\n\t\t\t<\/div>\n\t\t<\/div>\n\t<\/div>\t\n<\/article><!-- #post-4848 -->\n\t\t\t<\/div>\n\t\t\n\t\t\t\n\t\t\t\n\t\t\t\n\t\t\t\n\t\t\t\t<\/div>\n\t\t\t\t<\/div>\n\t\t\t\t\t\t<\/div>\n\t\t\t\t\t<\/div>\n\t\t<\/div>\n\t\t\t\t<div class=\"elementor-column elementor-col-50 elementor-inner-column elementor-element elementor-element-ce3492f\" data-id=\"ce3492f\" data-element_type=\"column\">\n\t\t\t<div class=\"elementor-column-wrap elementor-element-populated\">\n\t\t\t\t\t\t\t<div class=\"elementor-widget-wrap\">\n\t\t\t\t\t\t<div class=\"elementor-element elementor-element-0a0dc3f elementor-widget elementor-widget-wp-widget-tribe-widget-events-list\" data-id=\"0a0dc3f\" data-element_type=\"widget\" data-widget_type=\"wp-widget-tribe-widget-events-list.default\">\n\t\t\t\t<div class=\"elementor-widget-container\">\n\t\t\t<div  class=\"tribe-compatibility-container\" >\n\t<div\n\t\t class=\"tribe-common tribe-events tribe-events-view tribe-events-view--widget-events-list tribe-events-widget\" \t\tdata-js=\"tribe-events-view\"\n\t\tdata-view-rest-nonce=\"fe290e745c\"\n\t\tdata-view-rest-url=\"https:\/\/imker-stadt-kassel.de\/index.php?rest_route=\/tribe\/views\/v2\/html\"\n\t\tdata-view-manage-url=\"1\"\n\t\t\t\t\t\t\tdata-view-breakpoint-pointer=\"5a18c70b-1739-4aa7-8ef2-c42c6f55625d\"\n\t\t\t>\n\t\t<div class=\"tribe-events-widget-events-list\">\n\n\t\t\t\n\t\t\t<script data-js=\"tribe-events-view-data\" type=\"application\/json\">\n\t{\"slug\":\"widget-events-list\",\"prev_url\":\"\",\"next_url\":\"\",\"view_class\":\"Tribe\\\\Events\\\\Views\\\\V2\\\\Views\\\\Widgets\\\\Widget_List_View\",\"view_slug\":\"widget-events-list\",\"view_label\":\"Widget-events-list\",\"view\":null,\"should_manage_url\":true,\"id\":null,\"alias-slugs\":null,\"title\":\"Anstehende Veranstaltungen &#8211; Imkerverein Kassel e.V.\",\"limit\":5,\"no_upcoming_events\":false,\"featured_events_only\":false,\"jsonld_enable\":true,\"tribe_is_list_widget\":true,\"admin_fields\":{\"title\":{\"label\":\"Titel:\",\"type\":\"text\",\"classes\":\"\",\"dependency\":\"\",\"id\":\"widget-tribe-widget-events-list-REPLACE_TO_ID-title\",\"name\":\"widget-tribe-widget-events-list[REPLACE_TO_ID][title]\",\"options\":[],\"placeholder\":\"\",\"value\":null},\"limit\":{\"label\":\"Anzeige:\",\"type\":\"number\",\"default\":5,\"min\":1,\"max\":10,\"step\":1,\"classes\":\"\",\"dependency\":\"\",\"id\":\"widget-tribe-widget-events-list-REPLACE_TO_ID-limit\",\"name\":\"widget-tribe-widget-events-list[REPLACE_TO_ID][limit]\",\"options\":[],\"placeholder\":\"\",\"value\":null},\"no_upcoming_events\":{\"label\":\"Blende dieses Widget aus, wenn es keine bevorstehenden Veranstaltungen gibt.\",\"type\":\"checkbox\",\"classes\":\"\",\"dependency\":\"\",\"id\":\"widget-tribe-widget-events-list-REPLACE_TO_ID-no_upcoming_events\",\"name\":\"widget-tribe-widget-events-list[REPLACE_TO_ID][no_upcoming_events]\",\"options\":[],\"placeholder\":\"\",\"value\":null},\"featured_events_only\":{\"label\":\"Nur auf hervorgehobene Veranstaltungen beschr\\u00e4nken\",\"type\":\"checkbox\",\"classes\":\"\",\"dependency\":\"\",\"id\":\"widget-tribe-widget-events-list-REPLACE_TO_ID-featured_events_only\",\"name\":\"widget-tribe-widget-events-list[REPLACE_TO_ID][featured_events_only]\",\"options\":[],\"placeholder\":\"\",\"value\":null},\"jsonld_enable\":{\"label\":\"JSON-LD-Daten generieren\",\"type\":\"checkbox\",\"classes\":\"\",\"dependency\":\"\",\"id\":\"widget-tribe-widget-events-list-REPLACE_TO_ID-jsonld_enable\",\"name\":\"widget-tribe-widget-events-list[REPLACE_TO_ID][jsonld_enable]\",\"options\":[],\"placeholder\":\"\",\"value\":null}},\"events\":[],\"url\":\"https:\\\/\\\/imker-stadt-kassel.de\\\/?post_type=tribe_events&eventDisplay=widget-events-list\",\"url_event_date\":false,\"bar\":{\"keyword\":\"\",\"date\":\"\"},\"today\":\"2026-05-02 00:00:00\",\"now\":\"2026-05-02 15:01:52\",\"rest_url\":\"https:\\\/\\\/imker-stadt-kassel.de\\\/index.php?rest_route=\\\/tribe\\\/views\\\/v2\\\/html\",\"rest_method\":\"POST\",\"rest_nonce\":\"fe290e745c\",\"today_url\":\"https:\\\/\\\/imker-stadt-kassel.de\\\/?post_type=tribe_events&eventDisplay=widget-events-list&rest_route=%2Fwp%2Fv2%2Fpages%2F6775\",\"prev_label\":\"\",\"next_label\":\"\",\"date_formats\":{\"compact\":\"n\\\/j\\\/Y\",\"month_and_year_compact\":\"n\\\/j\\\/Y\",\"month_and_year\":\"F Y\",\"time_range_separator\":\" - \",\"date_time_separator\":\" @ \"},\"messages\":{\"notice\":[\"Es sind keine anstehenden Veranstaltungen vorhanden.\"]},\"start_of_week\":\"1\",\"breadcrumbs\":[],\"before_events\":\"\",\"after_events\":\"\\n<!--\nDieser Kalender wird durch The Events Calendar generiert.\nhttp:\\/\\/evnt.is\\/18wn\n-->\\n\",\"display_events_bar\":false,\"disable_event_search\":false,\"live_refresh\":true,\"ical\":{\"display_link\":true,\"link\":{\"url\":\"https:\\\/\\\/imker-stadt-kassel.de\\\/?post_type=tribe_events&#038;eventDisplay=widget-events-list&#038;ical=1\",\"text\":\"Veranstaltungen als iCal exportieren\",\"title\":\"Diese Funktion verwenden, um Kalenderdaten mit Google Kalender, Apple iCal und kompatiblen Apps zu teilen\"}},\"container_classes\":[\"tribe-common\",\"tribe-events\",\"tribe-events-view\",\"tribe-events-view--widget-events-list\",\"tribe-events-widget\"],\"container_data\":[],\"is_past\":false,\"breakpoints\":{\"xsmall\":500,\"medium\":768,\"full\":960},\"breakpoint_pointer\":\"5a18c70b-1739-4aa7-8ef2-c42c6f55625d\",\"is_initial_load\":false,\"public_views\":{\"list\":{\"view_class\":\"Tribe\\\\Events\\\\Views\\\\V2\\\\Views\\\\List_View\",\"view_url\":\"https:\\\/\\\/imker-stadt-kassel.de\\\/?post_type=tribe_events&eventDisplay=list\",\"view_label\":\"Liste\"},\"month\":{\"view_class\":\"Tribe\\\\Events\\\\Views\\\\V2\\\\Views\\\\Month_View\",\"view_url\":\"https:\\\/\\\/imker-stadt-kassel.de\\\/?post_type=tribe_events&eventDisplay=month\",\"view_label\":\"Monat\"},\"day\":{\"view_class\":\"Tribe\\\\Events\\\\Views\\\\V2\\\\Views\\\\Day_View\",\"view_url\":\"https:\\\/\\\/imker-stadt-kassel.de\\\/?post_type=tribe_events&eventDisplay=day\",\"view_label\":\"Tag\"}},\"show_latest_past\":false,\"compatibility_classes\":[\"tribe-compatibility-container\"],\"view_more_text\":\"Kalender anzeigen\",\"view_more_title\":\"Weitere Veranstaltungen anzeigen.\",\"view_more_link\":\"https:\\\/\\\/imker-stadt-kassel.de\",\"widget_title\":\"Anstehende Veranstaltungen\",\"hide_if_no_upcoming_events\":false,\"display\":[],\"_context\":{\"slug\":\"widget-events-list\"}}<\/script>\n\n\t\t\t<header class=\"tribe-events-widget-events-list__header\">\n\t\t\t\t<h2 class=\"tribe-events-widget-events-list__header-title tribe-common-h6 tribe-common-h--alt\">\n\t\t\t\t\tAnstehende Veranstaltungen\t\t\t\t<\/h2>\n\t\t\t<\/header>\n\n\t\t\t\n\t\t\t\t<div  class=\"tribe-events-header__messages tribe-events-c-messages tribe-common-b2\"  >\n\t\t\t<div class=\"tribe-events-c-messages__message tribe-events-c-messages__message--notice\" role=\"alert\">\n\t\t\t<svg  class=\"tribe-common-c-svgicon tribe-common-c-svgicon--messages-not-found tribe-events-c-messages__message-icon-svg\"  viewBox=\"0 0 21 23\" xmlns=\"http:\/\/www.w3.org\/2000\/svg\"><g fill-rule=\"evenodd\"><path d=\"M.5 2.5h20v20H.5z\"\/><path stroke-linecap=\"round\" d=\"M7.583 11.583l5.834 5.834m0-5.834l-5.834 5.834\" class=\"tribe-common-c-svgicon__svg-stroke\"\/><path stroke-linecap=\"round\" d=\"M4.5.5v4m12-4v4\"\/><path stroke-linecap=\"square\" d=\"M.5 7.5h20\"\/><\/g><\/svg>\n\t\t\t<ul class=\"tribe-events-c-messages__message-list\">\n\t\t\t\t\t\t\t\t\t<li\n\t\t\t\t\t\tclass=\"tribe-events-c-messages__message-list-item\"\n\t\t\t\t\t\t data-key=\"0\" \t\t\t\t\t>\n\t\t\t\t\tEs sind keine anstehenden Veranstaltungen vorhanden.\t\t\t\t\t<\/li>\n\t\t\t\t\t\t\t<\/ul>\n\t\t<\/div>\n\t<\/div>\n\n\t\t\t\t\t<\/div>\n\t<\/div>\n<\/div>\n\t\t<\/div>\n\t\t\t\t<\/div>\n\t\t\t\t<div class=\"elementor-element elementor-element-71dc458 elementor-widget elementor-widget-sidebar\" data-id=\"71dc458\" data-element_type=\"widget\" data-widget_type=\"sidebar.default\">\n\t\t\t\t<div class=\"elementor-widget-container\">\n\t\t\t<aside id=\"archives-3\" class=\"widget widget_archive\"><h4 class=\"widget-title\">Archiv<\/h4>\n\t\t\t<ul>\n\t\t\t\t\t<li><a href='https:\/\/imker-stadt-kassel.de\/?m=202104'>April 2021<\/a><\/li>\n\t<li><a href='https:\/\/imker-stadt-kassel.de\/?m=202006'>Juni 2020<\/a><\/li>\n\t\t\t<\/ul>\n\n\t\t\t<\/aside><aside id=\"categories-3\" class=\"widget widget_categories\"><h4 class=\"widget-title\">Kategorien<\/h4>\n\t\t\t<ul>\n\t\t\t\t\t<li class=\"cat-item cat-item-24\"><a href=\"https:\/\/imker-stadt-kassel.de\/?cat=24\" title=\"View all posts filed under Aktuelles\">Aktuelles<\/a>\n<\/li>\n\t<li class=\"cat-item cat-item-23\"><a href=\"https:\/\/imker-stadt-kassel.de\/?cat=23\" title=\"View all posts filed under Mitglieder Beitrag\">Mitglieder Beitrag<\/a>\n<\/li>\n\t\t\t<\/ul>\n\n\t\t\t<\/aside>\t\t<\/div>\n\t\t\t\t<\/div>\n\t\t\t\t\t\t<\/div>\n\t\t\t\t\t<\/div>\n\t\t<\/div>\n\t\t\t\t\t\t\t\t<\/div>\n\t\t\t\t\t<\/div>\n\t\t<\/section>\n\t\t\t\t\t\t<\/div>\n\t\t\t\t\t<\/div>\n\t\t<\/div>\n\t\t\t\t\t\t\t\t<\/div>\n\t\t\t\t\t<\/div>\n\t\t<\/section>\n\t\t\t\t\t\t\t\t\t<\/div>\n\t\t\t<\/div>\n\t\t\t\t\t<\/div>\n\t\t","protected":false},"excerpt":{"rendered":"<p>Aktuelles Gedanken zum und \u00fcber das Aufstellen unserer Bienenv\u00f6lker Es ist wohl allgemeiner Konsens, dass der urspr\u00fcngliche Lebensraum der bei&#8230;<\/p>\n","protected":false},"author":1,"featured_media":0,"parent":0,"menu_order":0,"comment_status":"closed","ping_status":"closed","template":"page-fullwidth.php","meta":[],"_links":{"self":[{"href":"https:\/\/imker-stadt-kassel.de\/index.php?rest_route=\/wp\/v2\/pages\/6775"}],"collection":[{"href":"https:\/\/imker-stadt-kassel.de\/index.php?rest_route=\/wp\/v2\/pages"}],"about":[{"href":"https:\/\/imker-stadt-kassel.de\/index.php?rest_route=\/wp\/v2\/types\/page"}],"author":[{"embeddable":true,"href":"https:\/\/imker-stadt-kassel.de\/index.php?rest_route=\/wp\/v2\/users\/1"}],"replies":[{"embeddable":true,"href":"https:\/\/imker-stadt-kassel.de\/index.php?rest_route=%2Fwp%2Fv2%2Fcomments&post=6775"}],"version-history":[{"count":4,"href":"https:\/\/imker-stadt-kassel.de\/index.php?rest_route=\/wp\/v2\/pages\/6775\/revisions"}],"predecessor-version":[{"id":6785,"href":"https:\/\/imker-stadt-kassel.de\/index.php?rest_route=\/wp\/v2\/pages\/6775\/revisions\/6785"}],"wp:attachment":[{"href":"https:\/\/imker-stadt-kassel.de\/index.php?rest_route=%2Fwp%2Fv2%2Fmedia&parent=6775"}],"curies":[{"name":"wp","href":"https:\/\/api.w.org\/{rel}","templated":true}]}}