{"id":3514,"date":"2021-08-14T19:33:30","date_gmt":"2021-08-14T19:33:30","guid":{"rendered":"https:\/\/imker-stadt-kassel.de\/?page_id=3514"},"modified":"2021-09-01T06:23:04","modified_gmt":"2021-09-01T06:23:04","slug":"bienenschwarm","status":"publish","type":"page","link":"https:\/\/imker-stadt-kassel.de\/?page_id=3514","title":{"rendered":"Bienenschwarm"},"content":{"rendered":"\t\t<div data-elementor-type=\"wp-page\" data-elementor-id=\"3514\" class=\"elementor elementor-3514\">\n\t\t\t\t\t\t<div class=\"elementor-inner\">\n\t\t\t\t<div class=\"elementor-section-wrap\">\n\t\t\t\t\t\t\t\t\t<section class=\"elementor-section elementor-top-section elementor-element elementor-element-11c1b8d elementor-section-height-min-height elementor-section-boxed elementor-section-height-default elementor-section-items-middle\" data-id=\"11c1b8d\" data-element_type=\"section\" data-settings=\"{&quot;background_background&quot;:&quot;classic&quot;}\">\n\t\t\t\t\t\t<div class=\"elementor-container elementor-column-gap-thegem\">\n\t\t\t\t\t\t\t<div class=\"elementor-row\">\n\t\t\t\t\t<div class=\"elementor-column elementor-col-100 elementor-top-column elementor-element elementor-element-60b2b24\" data-id=\"60b2b24\" data-element_type=\"column\">\n\t\t\t<div class=\"elementor-column-wrap elementor-element-populated\">\n\t\t\t\t\t\t\t<div class=\"elementor-widget-wrap\">\n\t\t\t\t\t\t<div class=\"elementor-element elementor-element-2250b635 elementor-widget elementor-widget-heading\" data-id=\"2250b635\" data-element_type=\"widget\" data-widget_type=\"heading.default\">\n\t\t\t\t<div class=\"elementor-widget-container\">\n\t\t\t<h2 class=\"elementor-heading-title elementor-size-large\">Naturschauspiel: Bienenschwarm<\/h2>\t\t<\/div>\n\t\t\t\t<\/div>\n\t\t\t\t<div class=\"elementor-element elementor-element-1850a21c elementor-widget elementor-widget-text-editor\" data-id=\"1850a21c\" data-element_type=\"widget\" data-widget_type=\"text-editor.default\">\n\t\t\t\t<div class=\"elementor-widget-container\">\n\t\t\t\t\t\t\t\t<div class=\"elementor-text-editor elementor-clearfix\">\n\t\t\t\t<p>Das alte Bienenvolk ist seit dem Fr\u00fchjahr gewachsen und die Behausung wurde eng. Deshalb haben sich die Bienen eine neue K\u00f6niginnen gezogen. Jetzt schw\u00e4rmt die alte K\u00f6nigin mit gut der H\u00e4lfte des Volkes aus, um sich eine neue Behausung zu suchen. Aus einem gro\u00dfen Volk, werden somit zwei kleinere. Das Schw\u00e4rmen wird daher auch als Fortpflanzung betrachtet.\u00a0<\/p>\t\t\t\t\t<\/div>\n\t\t\t\t\t\t<\/div>\n\t\t\t\t<\/div>\n\t\t\t\t\t\t<\/div>\n\t\t\t\t\t<\/div>\n\t\t<\/div>\n\t\t\t\t\t\t\t\t<\/div>\n\t\t\t\t\t<\/div>\n\t\t<\/section>\n\t\t\t\t<section class=\"elementor-section elementor-top-section elementor-element elementor-element-3b7b15f9 elementor-section-boxed elementor-section-height-default elementor-section-height-default\" data-id=\"3b7b15f9\" data-element_type=\"section\" data-settings=\"{&quot;background_background&quot;:&quot;classic&quot;}\">\n\t\t\t\t\t\t<div class=\"elementor-container elementor-column-gap-thegem\">\n\t\t\t\t\t\t\t<div class=\"elementor-row\">\n\t\t\t\t\t<div class=\"elementor-column elementor-col-100 elementor-top-column elementor-element elementor-element-3879cc53\" data-id=\"3879cc53\" data-element_type=\"column\">\n\t\t\t<div class=\"elementor-column-wrap elementor-element-populated\">\n\t\t\t\t\t\t\t<div class=\"elementor-widget-wrap\">\n\t\t\t\t\t\t<div class=\"elementor-element elementor-element-423050e3 elementor-widget-divider--view-line elementor-widget elementor-widget-divider\" data-id=\"423050e3\" data-element_type=\"widget\" data-widget_type=\"divider.default\">\n\t\t\t\t<div class=\"elementor-widget-container\">\n\t\t\t\t\t<div class=\"elementor-divider\">\n\t\t\t<span class=\"elementor-divider-separator\">\n\t\t\t\t\t\t<\/span>\n\t\t<\/div>\n\t\t\t\t<\/div>\n\t\t\t\t<\/div>\n\t\t\t\t\t\t<\/div>\n\t\t\t\t\t<\/div>\n\t\t<\/div>\n\t\t\t\t\t\t\t\t<\/div>\n\t\t\t\t\t<\/div>\n\t\t<\/section>\n\t\t\t\t<section class=\"elementor-section elementor-top-section elementor-element elementor-element-793d566c elementor-section-boxed elementor-section-height-default elementor-section-height-default\" data-id=\"793d566c\" data-element_type=\"section\" data-settings=\"{&quot;background_background&quot;:&quot;classic&quot;}\">\n\t\t\t\t\t\t<div class=\"elementor-container elementor-column-gap-thegem\">\n\t\t\t\t\t\t\t<div class=\"elementor-row\">\n\t\t\t\t\t<div class=\"elementor-column elementor-col-100 elementor-top-column elementor-element elementor-element-35cd36e2\" data-id=\"35cd36e2\" data-element_type=\"column\">\n\t\t\t<div class=\"elementor-column-wrap elementor-element-populated\">\n\t\t\t\t\t\t\t<div class=\"elementor-widget-wrap\">\n\t\t\t\t\t\t<div class=\"elementor-element elementor-element-48da3851 elementor-widget elementor-widget-text-editor\" data-id=\"48da3851\" data-element_type=\"widget\" data-widget_type=\"text-editor.default\">\n\t\t\t\t<div class=\"elementor-widget-container\">\n\t\t\t\t\t\t\t\t<div class=\"elementor-text-editor elementor-clearfix\">\n\t\t\t\t<p class=\"paragraph_style_2\">Wenn ein Schwarm ausgeflogen ist und irgendwo am Baum h\u00e4ngt, geht f\u00fcr den Menschen keine gro\u00dfe Gefahr aus. Denn die Bienen haben in ihrer Honigblase nur einen kleinen Futtervorrat. Schnell muss eine neue Unterkunft gefunden und mit Wachswaben ausgebaut werden.\u00a0In dieser Phase sind sie alles andere als stechlustig, sie werden sich aber gegebenenfalls verteidigen.\u00a0<\/p><p class=\"paragraph_style_2\">Obwohl ein Bienenschwarm ein echtes Naturschauspiel darstellt, ist es gleichsam absolut verst\u00e4ndlich, dass kaum jemand\u00a0zigtausende Bienen in seinem Garten oder Balkon haben m\u00f6chte. \u2013 Da uns\u00a0als Imkern nicht nur die eigenen Bienen am Herzen liegen, helfen wir in so einem Fall gerne nach Kr\u00e4ften, um die Bienen umzulogieren, beziehungsweise vermitteln auch an Kollegen, die sich dazu bereit erkl\u00e4rt haben.<\/p><p class=\"paragraph_style_2\"><strong>Bienenschw\u00e4rme sind\u00a0<span class=\"style_2\">kein Fall f\u00fcr die Feuerwehr<\/span>, das Ordnungsamt und\u00a0<span class=\"style_2\">schon gar nicht f\u00fcr einen Kammerj\u00e4ger!\u00a0<\/span><\/strong>Da Honigbienen und auch Wildbienen unter Naturschutz stehen, darf nur ein Imker mit Sachkenntnis an die Tiere heran. Gerne arbeiten wir jedoch mit der Feuerwehr partnerschaftlich zusammen. Deshalb liegt bei der Feuerwehr der Stadt Kassel eine aktuelle Liste mit den Kontaktdaten unserer \u00abSchwarmf\u00e4nger\u00bb vor. Sie k\u00f6nnen aber auch gerne unsere <a href=\"https:\/\/imker-stadt-kassel.de\/?page_id=4916\">Schwarmf\u00e4nger<\/a> direkt kontaktieren.<\/p><p>Die Rufnummer lautet:\u00a0<strong>0561 &#8211; 7884-0<\/strong><\/p>\t\t\t\t\t<\/div>\n\t\t\t\t\t\t<\/div>\n\t\t\t\t<\/div>\n\t\t\t\t\t\t<\/div>\n\t\t\t\t\t<\/div>\n\t\t<\/div>\n\t\t\t\t\t\t\t\t<\/div>\n\t\t\t\t\t<\/div>\n\t\t<\/section>\n\t\t\t\t\t\t\t\t\t<\/div>\n\t\t\t<\/div>\n\t\t\t\t\t<\/div>\n\t\t","protected":false},"excerpt":{"rendered":"<p>Naturschauspiel: Bienenschwarm Das alte Bienenvolk ist seit dem Fr\u00fchjahr gewachsen und die Behausung wurde eng. Deshalb haben sich die Bienen&#8230;<\/p>\n","protected":false},"author":1,"featured_media":0,"parent":0,"menu_order":0,"comment_status":"closed","ping_status":"closed","template":"","meta":[],"_links":{"self":[{"href":"https:\/\/imker-stadt-kassel.de\/index.php?rest_route=\/wp\/v2\/pages\/3514"}],"collection":[{"href":"https:\/\/imker-stadt-kassel.de\/index.php?rest_route=\/wp\/v2\/pages"}],"about":[{"href":"https:\/\/imker-stadt-kassel.de\/index.php?rest_route=\/wp\/v2\/types\/page"}],"author":[{"embeddable":true,"href":"https:\/\/imker-stadt-kassel.de\/index.php?rest_route=\/wp\/v2\/users\/1"}],"replies":[{"embeddable":true,"href":"https:\/\/imker-stadt-kassel.de\/index.php?rest_route=%2Fwp%2Fv2%2Fcomments&post=3514"}],"version-history":[{"count":4,"href":"https:\/\/imker-stadt-kassel.de\/index.php?rest_route=\/wp\/v2\/pages\/3514\/revisions"}],"predecessor-version":[{"id":6762,"href":"https:\/\/imker-stadt-kassel.de\/index.php?rest_route=\/wp\/v2\/pages\/3514\/revisions\/6762"}],"wp:attachment":[{"href":"https:\/\/imker-stadt-kassel.de\/index.php?rest_route=%2Fwp%2Fv2%2Fmedia&parent=3514"}],"curies":[{"name":"wp","href":"https:\/\/api.w.org\/{rel}","templated":true}]}}