{"id":3499,"date":"2021-08-14T19:33:30","date_gmt":"2021-08-14T19:33:30","guid":{"rendered":"https:\/\/imker-stadt-kassel.de\/?page_id=3499"},"modified":"2021-08-24T17:31:52","modified_gmt":"2021-08-24T17:31:52","slug":"veterinaeramt-meldepflichten","status":"publish","type":"page","link":"https:\/\/imker-stadt-kassel.de\/?page_id=3499","title":{"rendered":"Veterin\u00e4ramt-Meldepflichten"},"content":{"rendered":"\t\t<div data-elementor-type=\"wp-page\" data-elementor-id=\"3499\" class=\"elementor elementor-3499\">\n\t\t\t\t\t\t<div class=\"elementor-inner\">\n\t\t\t\t<div class=\"elementor-section-wrap\">\n\t\t\t\t\t\t\t\t\t<section class=\"elementor-section elementor-top-section elementor-element elementor-element-66b951e4 elementor-section-height-min-height elementor-section-items-stretch elementor-section-content-middle elementor-section-boxed elementor-section-height-default\" data-id=\"66b951e4\" data-element_type=\"section\" data-settings=\"{&quot;background_background&quot;:&quot;classic&quot;}\">\n\t\t\t\t\t\t<div class=\"elementor-container elementor-column-gap-no\">\n\t\t\t\t\t\t\t<div class=\"elementor-row\">\n\t\t\t\t\t<div class=\"elementor-column elementor-col-100 elementor-top-column elementor-element elementor-element-2b2059cf\" data-id=\"2b2059cf\" data-element_type=\"column\">\n\t\t\t<div class=\"elementor-column-wrap elementor-element-populated\">\n\t\t\t\t\t\t\t<div class=\"elementor-widget-wrap\">\n\t\t\t\t\t\t<div class=\"elementor-element elementor-element-249fedcd elementor-widget elementor-widget-image\" data-id=\"249fedcd\" data-element_type=\"widget\" data-settings=\"{&quot;motion_fx_motion_fx_scrolling&quot;:&quot;yes&quot;,&quot;motion_fx_devices&quot;:[&quot;desktop&quot;,&quot;tablet&quot;,&quot;mobile&quot;]}\" data-widget_type=\"image.default\">\n\t\t\t\t<div class=\"elementor-widget-container\">\n\t\t\t\t\t\t\t\t<div class=\"elementor-image\">\n\t\t\t\t\t\t\t\t\t\t\t\t<img src=\"https:\/\/imker-stadt-kassel.de\/wp-content\/uploads\/elementor\/thumbs\/63986674-1-pc3dor8wus3efo6qrvcumiyr2io7xllnd9zgyrpxzs.jpg\" title=\"63986674\" alt=\"63986674\" loading=\"lazy\" \/>\t\t\t\t\t\t\t\t\t\t\t\t\t\t<\/div>\n\t\t\t\t\t\t<\/div>\n\t\t\t\t<\/div>\n\t\t\t\t\t\t<\/div>\n\t\t\t\t\t<\/div>\n\t\t<\/div>\n\t\t\t\t\t\t\t\t<\/div>\n\t\t\t\t\t<\/div>\n\t\t<\/section>\n\t\t\t\t<section class=\"elementor-section elementor-top-section elementor-element elementor-element-45ec81d0 elementor-section-boxed elementor-section-height-default elementor-section-height-default\" data-id=\"45ec81d0\" data-element_type=\"section\" data-settings=\"{&quot;background_background&quot;:&quot;classic&quot;}\">\n\t\t\t\t\t\t<div class=\"elementor-container elementor-column-gap-thegem\">\n\t\t\t\t\t\t\t<div class=\"elementor-row\">\n\t\t\t\t\t<div class=\"elementor-column elementor-col-100 elementor-top-column elementor-element elementor-element-67b40b79\" data-id=\"67b40b79\" data-element_type=\"column\">\n\t\t\t<div class=\"elementor-column-wrap elementor-element-populated\">\n\t\t\t\t\t\t\t<div class=\"elementor-widget-wrap\">\n\t\t\t\t\t\t<div class=\"elementor-element elementor-element-43df68f elementor-invisible elementor-widget elementor-widget-heading\" data-id=\"43df68f\" data-element_type=\"widget\" data-settings=\"{&quot;_animation&quot;:&quot;fadeInUp&quot;}\" data-widget_type=\"heading.default\">\n\t\t\t\t<div class=\"elementor-widget-container\">\n\t\t\t<div class=\"title-h1 elementor-heading-title elementor-size-default\">Veterin\u00e4ramt<\/div>\t\t<\/div>\n\t\t\t\t<\/div>\n\t\t\t\t<div class=\"elementor-element elementor-element-f52b155 elementor-invisible elementor-widget elementor-widget-heading\" data-id=\"f52b155\" data-element_type=\"widget\" data-settings=\"{&quot;_animation&quot;:&quot;fadeInUp&quot;}\" data-widget_type=\"heading.default\">\n\t\t\t\t<div class=\"elementor-widget-container\">\n\t\t\t<h2 class=\"elementor-heading-title elementor-size-medium\">Nur ein Anruf, aber eine absolute Pflicht! <\/h2>\t\t<\/div>\n\t\t\t\t<\/div>\n\t\t\t\t\t\t<\/div>\n\t\t\t\t\t<\/div>\n\t\t<\/div>\n\t\t\t\t\t\t\t\t<\/div>\n\t\t\t\t\t<\/div>\n\t\t<\/section>\n\t\t\t\t<section class=\"elementor-section elementor-top-section elementor-element elementor-element-13f10b84 elementor-section-boxed elementor-section-height-default elementor-section-height-default\" data-id=\"13f10b84\" data-element_type=\"section\" data-settings=\"{&quot;background_background&quot;:&quot;classic&quot;}\">\n\t\t\t\t\t\t<div class=\"elementor-container elementor-column-gap-thegem\">\n\t\t\t\t\t\t\t<div class=\"elementor-row\">\n\t\t\t\t\t<div class=\"elementor-column elementor-col-100 elementor-top-column elementor-element elementor-element-4e526529\" data-id=\"4e526529\" data-element_type=\"column\" data-settings=\"{&quot;background_background&quot;:&quot;classic&quot;}\">\n\t\t\t<div class=\"elementor-column-wrap elementor-element-populated\">\n\t\t\t\t\t\t\t<div class=\"elementor-widget-wrap\">\n\t\t\t\t\t\t<div class=\"elementor-element elementor-element-73c5a61 elementor-widget elementor-widget-text-editor\" data-id=\"73c5a61\" data-element_type=\"widget\" data-widget_type=\"text-editor.default\">\n\t\t\t\t<div class=\"elementor-widget-container\">\n\t\t\t\t\t\t\t\t<div class=\"elementor-text-editor elementor-clearfix\">\n\t\t\t\t<p>Wer Bienenv\u00f6lker aufstellt muss dieses dem zust\u00e4ndigen Veterin\u00e4ramt anmelden. Dieses pflegt mit den Daten ein Kataster, das dann im Seuchenfall, wie etwa bei der Amerikanischen Faulbrut einen Sperrbezirk verh\u00e4ngt, damit sich die Seuche nicht ausbreiten kann.\u00a0<\/p><p>Die Meldung kann formlos erfolgen und kann sogar telefonisch erledigt werden.\u00a0Aus aktuellem Anlass empfehlen wir die Meldung per Email, da man keine Best\u00e4tigung erh\u00e4lt, kann \u00fcber die beim Imker abgeheftete Mail im Zweifel auch sp\u00e4ter noch nachvollzogen werden, dass die V\u00f6lker tats\u00e4chlich korrekt gemeldet wurden.\u00a0Ebenfalls\u00a0empfiehlt es sich aus aktuellem Anlass, seine Meldung \u00fcberpr\u00fcfen zu lassen, ob die Daten auch tats\u00e4chlich korrekt aufgenommen wurden.<\/p><p>Ein Vers\u00e4umnis der Meldung stellt eine\u00a0<strong>Ordnungswidrigkeit<\/strong>\u00a0dar und wird mit\u00a0<strong>Bu\u00dfgeld<\/strong>\u00a0geahndet. \u2013 Es versteht sich von selbst, dass man einen Bienenstand auch wieder abmeldet, wenn dort dauerhaft keine Bienen mehr aufgestellt werden. Nur so kann das beh\u00f6rdliche Kataster auch aktuell sein. \u00a0<\/p><p>Bei der Meldung jedes einzelnen Bienenstands muss die Liegenschaft\/Flur exakt angegeben werden! Das\u00a0<a href=\"https:\/\/www.geoportal.hessen.de\/map?LAYER[visible]=1&amp;LAYER[querylayer]=1&amp;WMC=2139\" target=\"_blank\" rel=\"noopener\"><strong>hessische Geoportal<\/strong><\/a>\u00a0erleichtert die Ermittlung des Werts ungemein.<\/p>\t\t\t\t\t<\/div>\n\t\t\t\t\t\t<\/div>\n\t\t\t\t<\/div>\n\t\t\t\t\t\t<\/div>\n\t\t\t\t\t<\/div>\n\t\t<\/div>\n\t\t\t\t\t\t\t\t<\/div>\n\t\t\t\t\t<\/div>\n\t\t<\/section>\n\t\t\t\t<section class=\"elementor-section elementor-top-section elementor-element elementor-element-50fded81 elementor-section-boxed elementor-section-height-default elementor-section-height-default\" data-id=\"50fded81\" data-element_type=\"section\" data-settings=\"{&quot;background_background&quot;:&quot;classic&quot;}\">\n\t\t\t\t\t\t<div class=\"elementor-container elementor-column-gap-thegem\">\n\t\t\t\t\t\t\t<div class=\"elementor-row\">\n\t\t\t\t\t<div class=\"elementor-column elementor-col-100 elementor-top-column elementor-element elementor-element-13335fb0\" data-id=\"13335fb0\" data-element_type=\"column\" data-settings=\"{&quot;background_background&quot;:&quot;classic&quot;}\">\n\t\t\t<div class=\"elementor-column-wrap elementor-element-populated\">\n\t\t\t\t\t\t\t<div class=\"elementor-widget-wrap\">\n\t\t\t\t\t\t<div class=\"elementor-element elementor-element-3cd86c2c elementor-widget elementor-widget-thegem-team\" data-id=\"3cd86c2c\" data-element_type=\"widget\" data-settings=\"{&quot;content_team_cat&quot;:[&quot;veterinaeramt&quot;],&quot;items_count&quot;:4,&quot;thegem_elementor_preset&quot;:&quot;2&quot;,&quot;columns&quot;:&quot;2&quot;,&quot;columns_tablet&quot;:2,&quot;columns_mobile&quot;:1,&quot;content_elems_name&quot;:&quot;yes&quot;,&quot;content_elems_position&quot;:&quot;yes&quot;,&quot;content_elems_phone&quot;:&quot;yes&quot;,&quot;content_elems_email&quot;:&quot;yes&quot;}\" data-widget_type=\"thegem-team.default\">\n\t\t\t\t<div class=\"elementor-widget-container\">\n\t\t\t\r\n\t\t\t<div class=\"row gem-team gem-team-style-2\" >\r\n\r\n\t\t\t\t<div class=\"col-md-6 col-sm-6 col-xs-12 thegem-wrap inline-column\">\r\n\r\n\t<div id=\"post-3989\" class=\"team-person bordered-box post-3989 thegem_team_person type-thegem_team_person status-publish\" >\r\n\r\n\t\t<div class=\"team-person-box clearfix team-person-box-columns\">\r\n\r\n\t\t\t\r\n\t\t\t<div class=\"team-person-box-right\">\r\n\r\n\t\t\t\t<div class=\"team-person-info\">\r\n\r\n\t\t\t\t\t\t\t\t\t\t\t<div class=\"team-person-name title-h4\" ><span class=\"light\">Dr. Heiko Purkl<\/span><\/div>\t\t\t\t\t\r\n\t\t\t\t\t\t\t\t\t\t\t<div class=\"team-person-position date-color\">Veterin\u00e4ramt Stadt Kassel<\/div>\t\t\t\t\t\r\n\t\t\t\t\t\r\n\t\t\t\t\t\t\t\t\t\t\t<div class=\"gem-styled-color-1\">\r\n\t\t\t\t\t\t\t<div class=\"team-person-phone title-h5\">\r\n\t\t\t\t\t\t\t\t<span class=\"light\"><a href=\"tel:0561%207873332\">0561 7873332<\/a><\/span>\r\n\t\t\t\t\t\t\t<\/div>\r\n\t\t\t\t\t\t<\/div>\r\n\t\t\t\t\t\r\n\t\t\t\t\t\t\t\t\t\t\t<div class=\"team-person-email\">\r\n\t\t\t\t\t\t\t<a href=\"mailto:veterinaer@kassel.de\">veterinaer@kassel.de<\/a>\r\n\t\t\t\t\t\t<\/div>\r\n\t\t\t\t\t\r\n\t\t\t\t<\/div>\r\n\r\n\t\t\t\t\r\n\t\t\t<\/div>\r\n\r\n\t\t\t\r\n\t\t<\/div>\r\n\t<\/div>\r\n\r\n<\/div><div class=\"col-md-6 col-sm-6 col-xs-12 thegem-wrap inline-column\">\r\n\r\n\t<div id=\"post-3991\" class=\"team-person bordered-box post-3991 thegem_team_person type-thegem_team_person status-publish\" >\r\n\r\n\t\t<div class=\"team-person-box clearfix team-person-box-columns\">\r\n\r\n\t\t\t\r\n\t\t\t<div class=\"team-person-box-right\">\r\n\r\n\t\t\t\t<div class=\"team-person-info\">\r\n\r\n\t\t\t\t\t\t\t\t\t\t\t<div class=\"team-person-name title-h4\" ><span class=\"light\">Dr. Sabine Knei\u00dfl<\/span><\/div>\t\t\t\t\t\r\n\t\t\t\t\t\t\t\t\t\t\t<div class=\"team-person-position date-color\">Veterin\u00e4ramt Landkreis Kassel<\/div>\t\t\t\t\t\r\n\t\t\t\t\t\r\n\t\t\t\t\t\t\t\t\t\t\t<div class=\"gem-styled-color-1\">\r\n\t\t\t\t\t\t\t<div class=\"team-person-phone title-h5\">\r\n\t\t\t\t\t\t\t\t<span class=\"light\"><a href=\"tel:0561\u00a0%2010033300\">0561\u00a0 10033300<\/a><\/span>\r\n\t\t\t\t\t\t\t<\/div>\r\n\t\t\t\t\t\t<\/div>\r\n\t\t\t\t\t\r\n\t\t\t\t\t\t\t\t\t\t\t<div class=\"team-person-email\">\r\n\t\t\t\t\t\t\t<a href=\"mailto:veterinaeramt@landkreiskassel.de\">veterinaeramt@landkreiskassel.de<\/a>\r\n\t\t\t\t\t\t<\/div>\r\n\t\t\t\t\t\r\n\t\t\t\t<\/div>\r\n\r\n\t\t\t\t\r\n\t\t\t<\/div>\r\n\r\n\t\t\t\r\n\t\t<\/div>\r\n\t<\/div>\r\n\r\n<\/div><div class=\"col-md-6 col-sm-6 col-xs-12 thegem-wrap inline-column\">\r\n\r\n\t<div id=\"post-3992\" class=\"team-person bordered-box post-3992 thegem_team_person type-thegem_team_person status-publish\" >\r\n\r\n\t\t<div class=\"team-person-box clearfix team-person-box-columns\">\r\n\r\n\t\t\t\r\n\t\t\t<div class=\"team-person-box-right\">\r\n\r\n\t\t\t\t<div class=\"team-person-info\">\r\n\r\n\t\t\t\t\t\t\t\t\t\t\t<div class=\"team-person-name title-h4\" ><span class=\"light\">Dietrich Strauch<\/span><\/div>\t\t\t\t\t\r\n\t\t\t\t\t\t\t\t\t\t\t<div class=\"team-person-position date-color\">Veterin\u00e4ramt\u00a0Werra-Meissner-Kreis<\/div>\t\t\t\t\t\r\n\t\t\t\t\t\r\n\t\t\t\t\t\t\t\t\t\t\t<div class=\"gem-styled-color-1\">\r\n\t\t\t\t\t\t\t<div class=\"team-person-phone title-h5\">\r\n\t\t\t\t\t\t\t\t<span class=\"light\"><a href=\"tel:05651%2030225790\">05651 30225790<\/a><\/span>\r\n\t\t\t\t\t\t\t<\/div>\r\n\t\t\t\t\t\t<\/div>\r\n\t\t\t\t\t\r\n\t\t\t\t\t\t\t\t\t\t\t<div class=\"team-person-email\">\r\n\t\t\t\t\t\t\t<a href=\"mailto:Dietrich.Strauch@Werra-Meissner-Kreis.de\">Dietrich.Strauch@Werra-Meissner-Kreis.de<\/a>\r\n\t\t\t\t\t\t<\/div>\r\n\t\t\t\t\t\r\n\t\t\t\t<\/div>\r\n\r\n\t\t\t\t\r\n\t\t\t<\/div>\r\n\r\n\t\t\t\r\n\t\t<\/div>\r\n\t<\/div>\r\n\r\n<\/div><div class=\"col-md-6 col-sm-6 col-xs-12 thegem-wrap inline-column\">\r\n\r\n\t<div id=\"post-3993\" class=\"team-person bordered-box post-3993 thegem_team_person type-thegem_team_person status-publish\" >\r\n\r\n\t\t<div class=\"team-person-box clearfix team-person-box-columns\">\r\n\r\n\t\t\t\r\n\t\t\t<div class=\"team-person-box-right\">\r\n\r\n\t\t\t\t<div class=\"team-person-info\">\r\n\r\n\t\t\t\t\t\r\n\t\t\t\t\t\t\t\t\t\t\t<div class=\"team-person-position date-color\">Veterin\u00e4ramt Schwalm-Eder-Kreis<\/div>\t\t\t\t\t\r\n\t\t\t\t\t\r\n\t\t\t\t\t\t\t\t\t\t\t<div class=\"gem-styled-color-1\">\r\n\t\t\t\t\t\t\t<div class=\"team-person-phone title-h5\">\r\n\t\t\t\t\t\t\t\t<span class=\"light\"><a href=\"tel:05681%20775911\">05681 775911<\/a><\/span>\r\n\t\t\t\t\t\t\t<\/div>\r\n\t\t\t\t\t\t<\/div>\r\n\t\t\t\t\t\r\n\t\t\t\t\t\t\t\t\t\t\t<div class=\"team-person-email\">\r\n\t\t\t\t\t\t\t<a href=\"mailto:veterinaeramt@schwalm-eder-kreis.de\">veterinaeramt@schwalm-eder-kreis.de<\/a>\r\n\t\t\t\t\t\t<\/div>\r\n\t\t\t\t\t\r\n\t\t\t\t<\/div>\r\n\r\n\t\t\t\t\r\n\t\t\t<\/div>\r\n\r\n\t\t\t\r\n\t\t<\/div>\r\n\t<\/div>\r\n\r\n<\/div>\r\n\t\t\t<\/div>\r\n\r\n\t\t\t\t<\/div>\n\t\t\t\t<\/div>\n\t\t\t\t\t\t<\/div>\n\t\t\t\t\t<\/div>\n\t\t<\/div>\n\t\t\t\t\t\t\t\t<\/div>\n\t\t\t\t\t<\/div>\n\t\t<\/section>\n\t\t\t\t<section class=\"elementor-section elementor-top-section elementor-element elementor-element-47234914 elementor-section-full_width elementor-section-height-default elementor-section-height-default\" data-id=\"47234914\" data-element_type=\"section\" data-settings=\"{&quot;background_background&quot;:&quot;classic&quot;}\">\n\t\t\t\t\t\t<div class=\"elementor-container elementor-column-gap-thegem\">\n\t\t\t\t\t\t\t<div class=\"elementor-row\">\n\t\t\t\t\t<div class=\"elementor-column elementor-col-50 elementor-top-column elementor-element elementor-element-27f5047\" data-id=\"27f5047\" data-element_type=\"column\">\n\t\t\t<div class=\"elementor-column-wrap elementor-element-populated\">\n\t\t\t\t\t\t\t<div class=\"elementor-widget-wrap\">\n\t\t\t\t\t\t<div class=\"elementor-element elementor-element-6605b594 elementor-widget elementor-widget-heading\" data-id=\"6605b594\" data-element_type=\"widget\" data-widget_type=\"heading.default\">\n\t\t\t\t<div class=\"elementor-widget-container\">\n\t\t\t<h3 class=\"elementor-heading-title elementor-size-default\">Schriftliche Anmeldung<\/h3>\t\t<\/div>\n\t\t\t\t<\/div>\n\t\t\t\t<div class=\"elementor-element elementor-element-215d237 elementor-widget-divider--view-line elementor-widget elementor-widget-divider\" data-id=\"215d237\" data-element_type=\"widget\" data-widget_type=\"divider.default\">\n\t\t\t\t<div class=\"elementor-widget-container\">\n\t\t\t\t\t<div class=\"elementor-divider\">\n\t\t\t<span class=\"elementor-divider-separator\">\n\t\t\t\t\t\t<\/span>\n\t\t<\/div>\n\t\t\t\t<\/div>\n\t\t\t\t<\/div>\n\t\t\t\t<div class=\"elementor-element elementor-element-4977b746 elementor-widget elementor-widget-price-list\" data-id=\"4977b746\" data-element_type=\"widget\" data-widget_type=\"price-list.default\">\n\t\t\t\t<div class=\"elementor-widget-container\">\n\t\t\t\n\t\t<ul class=\"elementor-price-list\">\n\n\t\t\t\t\t\t\t\t\t<li><a class=\"elementor-price-list-item\" href=\"https:\/\/imker-stadt-kassel.de\/wp-content\/uploads\/2021\/08\/Meldung_Bienenstaende_in_der_Stadt_Kassel_Stand_April_2020.pdf\">\t\t\t\t\t\t\t\t\t<div class=\"elementor-price-list-image\">\n\t\t\t\t\t<img src=\"https:\/\/imker-stadt-kassel.de\/wp-content\/uploads\/2021\/08\/Bienenstaende-Kassel-150x150.png\" alt=\"Bienenstandsmeldung beim Veterin\u00e4ramt Stadt Kassel\" \/>\t\t\t\t<\/div>\n\t\t\t\t\n\t\t\t\t<div class=\"elementor-price-list-text\">\n\t\t\t\t\t\t\t\t\t<div class=\"elementor-price-list-header\">\n\t\t\t\t\t\t\t\t\t\t\t<span class=\"elementor-price-list-title\">Bienenstandsmeldung beim Veterin\u00e4ramt Stadt Kassel<\/span>\n\t\t\t\t\t\t\t\t\t\t\t\t\t\t\t\t\t\t<span class=\"elementor-price-list-separator\"><\/span>\n\t\t\t\t\t\t\t\t\t\t\t\t\t\t\t\t<\/div>\n\t\t\t\t\t\t\t\t\t\t\t\t<\/div>\n\t\t\t\t<\/a><\/li>\t\t\t\t\t\t\t\t\t\t\t\t<li><a class=\"elementor-price-list-item\" href=\"https:\/\/www.landkreiskassel.de\/buergerservice\/veterinaerwesen-und-verbraucherschutz\/Meldung_der_Bienenbestaende_fuer_die_Veterinaerbehoerde.pdf\">\t\t\t\t\t\t\t\t\t<div class=\"elementor-price-list-image\">\n\t\t\t\t\t<img src=\"https:\/\/imker-stadt-kassel.de\/wp-content\/uploads\/2021\/08\/Bienenstaende-LK-Kassel-150x150.png\" alt=\"Bienenstandsmeldung beim Veterin\u00e4ramt Landkreis Kassel\" \/>\t\t\t\t<\/div>\n\t\t\t\t\n\t\t\t\t<div class=\"elementor-price-list-text\">\n\t\t\t\t\t\t\t\t\t<div class=\"elementor-price-list-header\">\n\t\t\t\t\t\t\t\t\t\t\t<span class=\"elementor-price-list-title\">Bienenstandsmeldung beim Veterin\u00e4ramt Landkreis Kassel<\/span>\n\t\t\t\t\t\t\t\t\t\t\t\t\t\t\t\t\t\t<span class=\"elementor-price-list-separator\"><\/span>\n\t\t\t\t\t\t\t\t\t\t\t\t\t\t\t\t<\/div>\n\t\t\t\t\t\t\t\t\t\t\t\t<\/div>\n\t\t\t\t<\/a><\/li>\t\t\t\t\t\t\t\t\t\t\t\t<li><a class=\"elementor-price-list-item\" href=\"https:\/\/imker-stadt-kassel.de\/wp-content\/uploads\/2021\/08\/Meldung_Bienenstaende_an_Veterinaerbehoerde.pdf\">\t\t\t\t\t\t\t\t\t<div class=\"elementor-price-list-image\">\n\t\t\t\t\t<img src=\"https:\/\/imker-stadt-kassel.de\/wp-content\/uploads\/2021\/08\/Bienenstaende-Eschwege-150x150.png\" alt=\"Bienenstandsmeldung beim Veterin\u00e4ramt Werra-Meissner-Kreis\" \/>\t\t\t\t<\/div>\n\t\t\t\t\n\t\t\t\t<div class=\"elementor-price-list-text\">\n\t\t\t\t\t\t\t\t\t<div class=\"elementor-price-list-header\">\n\t\t\t\t\t\t\t\t\t\t\t<span class=\"elementor-price-list-title\">Bienenstandsmeldung beim Veterin\u00e4ramt Werra-Meissner-Kreis<\/span>\n\t\t\t\t\t\t\t\t\t\t\t\t\t\t\t\t\t\t<span class=\"elementor-price-list-separator\"><\/span>\n\t\t\t\t\t\t\t\t\t\t\t\t\t\t\t\t<\/div>\n\t\t\t\t\t\t\t\t\t\t\t\t<\/div>\n\t\t\t\t<\/a><\/li>\t\t\t\t\t\t\t\t\t\t\t\t<li><a class=\"elementor-price-list-item\" href=\"http:\/\/veterinaeramt@schwalm-eder-kreis.de\">\t\t\t\t\t\t\t\t\t<div class=\"elementor-price-list-image\">\n\t\t\t\t\t<img src=\"https:\/\/imker-stadt-kassel.de\/wp-content\/uploads\/2021\/08\/formlos-150x150.png\" alt=\"Bienenstandsmeldung beim Veterin\u00e4ramt Schwalm-Eder-Kreis\" \/>\t\t\t\t<\/div>\n\t\t\t\t\n\t\t\t\t<div class=\"elementor-price-list-text\">\n\t\t\t\t\t\t\t\t\t<div class=\"elementor-price-list-header\">\n\t\t\t\t\t\t\t\t\t\t\t<span class=\"elementor-price-list-title\">Bienenstandsmeldung beim Veterin\u00e4ramt Schwalm-Eder-Kreis<\/span>\n\t\t\t\t\t\t\t\t\t\t\t\t\t\t\t\t\t\t<span class=\"elementor-price-list-separator\"><\/span>\n\t\t\t\t\t\t\t\t\t\t\t\t\t\t\t\t<\/div>\n\t\t\t\t\t\t\t\t\t\t\t\t<\/div>\n\t\t\t\t<\/a><\/li>\t\t\t\t\t\n\t\t<\/ul>\n\n\t\t\t\t<\/div>\n\t\t\t\t<\/div>\n\t\t\t\t\t\t<\/div>\n\t\t\t\t\t<\/div>\n\t\t<\/div>\n\t\t\t\t<div class=\"elementor-column elementor-col-50 elementor-top-column elementor-element elementor-element-35799e0b\" data-id=\"35799e0b\" data-element_type=\"column\">\n\t\t\t<div class=\"elementor-column-wrap elementor-element-populated\">\n\t\t\t\t\t\t\t<div class=\"elementor-widget-wrap\">\n\t\t\t\t\t\t<div class=\"elementor-element elementor-element-24a9b40f elementor-widget elementor-widget-heading\" data-id=\"24a9b40f\" data-element_type=\"widget\" data-widget_type=\"heading.default\">\n\t\t\t\t<div class=\"elementor-widget-container\">\n\t\t\t<h3 class=\"elementor-heading-title elementor-size-default\">Seuchen Informationen<\/h3>\t\t<\/div>\n\t\t\t\t<\/div>\n\t\t\t\t<div class=\"elementor-element elementor-element-55a288cb elementor-widget-divider--view-line elementor-widget elementor-widget-divider\" data-id=\"55a288cb\" data-element_type=\"widget\" data-widget_type=\"divider.default\">\n\t\t\t\t<div class=\"elementor-widget-container\">\n\t\t\t\t\t<div class=\"elementor-divider\">\n\t\t\t<span class=\"elementor-divider-separator\">\n\t\t\t\t\t\t<\/span>\n\t\t<\/div>\n\t\t\t\t<\/div>\n\t\t\t\t<\/div>\n\t\t\t\t<div class=\"elementor-element elementor-element-5442cf13 elementor-widget elementor-widget-price-list\" data-id=\"5442cf13\" data-element_type=\"widget\" data-widget_type=\"price-list.default\">\n\t\t\t\t<div class=\"elementor-widget-container\">\n\t\t\t\n\t\t<ul class=\"elementor-price-list\">\n\n\t\t\t\t\t\t\t\t\t<li><a class=\"elementor-price-list-item\" href=\"#\">\t\t\t\t\t\t\t\t\t<div class=\"elementor-price-list-image\">\n\t\t\t\t\t<img src=\"https:\/\/imker-stadt-kassel.de\/wp-content\/uploads\/2021\/08\/Leitlinie-AFB-150x150.png\" alt=\"Leitlinie Amerikanische Faulbrut\" \/>\t\t\t\t<\/div>\n\t\t\t\t\n\t\t\t\t<div class=\"elementor-price-list-text\">\n\t\t\t\t\t\t\t\t\t<div class=\"elementor-price-list-header\">\n\t\t\t\t\t\t\t\t\t\t\t<span class=\"elementor-price-list-title\">Leitlinie Amerikanische Faulbrut<\/span>\n\t\t\t\t\t\t\t\t\t\t\t\t\t\t\t\t\t\t<span class=\"elementor-price-list-separator\"><\/span>\n\t\t\t\t\t\t\t\t\t\t\t\t\t\t\t\t<\/div>\n\t\t\t\t\t\t\t\t\t\t\t\t<\/div>\n\t\t\t\t<\/a><\/li>\t\t\t\t\t\n\t\t<\/ul>\n\n\t\t\t\t<\/div>\n\t\t\t\t<\/div>\n\t\t\t\t\t\t<\/div>\n\t\t\t\t\t<\/div>\n\t\t<\/div>\n\t\t\t\t\t\t\t\t<\/div>\n\t\t\t\t\t<\/div>\n\t\t<\/section>\n\t\t\t\t\t\t\t\t\t<\/div>\n\t\t\t<\/div>\n\t\t\t\t\t<\/div>\n\t\t","protected":false},"excerpt":{"rendered":"<p>Veterin\u00e4ramt Nur ein Anruf, aber eine absolute Pflicht! Wer Bienenv\u00f6lker aufstellt muss dieses dem zust\u00e4ndigen Veterin\u00e4ramt anmelden. Dieses pflegt mit&#8230;<\/p>\n","protected":false},"author":1,"featured_media":0,"parent":0,"menu_order":0,"comment_status":"closed","ping_status":"closed","template":"","meta":[],"_links":{"self":[{"href":"https:\/\/imker-stadt-kassel.de\/index.php?rest_route=\/wp\/v2\/pages\/3499"}],"collection":[{"href":"https:\/\/imker-stadt-kassel.de\/index.php?rest_route=\/wp\/v2\/pages"}],"about":[{"href":"https:\/\/imker-stadt-kassel.de\/index.php?rest_route=\/wp\/v2\/types\/page"}],"author":[{"embeddable":true,"href":"https:\/\/imker-stadt-kassel.de\/index.php?rest_route=\/wp\/v2\/users\/1"}],"replies":[{"embeddable":true,"href":"https:\/\/imker-stadt-kassel.de\/index.php?rest_route=%2Fwp%2Fv2%2Fcomments&post=3499"}],"version-history":[{"count":13,"href":"https:\/\/imker-stadt-kassel.de\/index.php?rest_route=\/wp\/v2\/pages\/3499\/revisions"}],"predecessor-version":[{"id":4015,"href":"https:\/\/imker-stadt-kassel.de\/index.php?rest_route=\/wp\/v2\/pages\/3499\/revisions\/4015"}],"wp:attachment":[{"href":"https:\/\/imker-stadt-kassel.de\/index.php?rest_route=%2Fwp%2Fv2%2Fmedia&parent=3499"}],"curies":[{"name":"wp","href":"https:\/\/api.w.org\/{rel}","templated":true}]}}