{"id":3498,"date":"2021-08-14T19:33:30","date_gmt":"2021-08-14T19:33:30","guid":{"rendered":"https:\/\/imker-stadt-kassel.de\/?page_id=3498"},"modified":"2021-08-27T18:41:28","modified_gmt":"2021-08-27T18:41:28","slug":"bienensachverstaendige","status":"publish","type":"page","link":"https:\/\/imker-stadt-kassel.de\/?page_id=3498","title":{"rendered":"Bienensachverst\u00e4ndige"},"content":{"rendered":"\t\t<div data-elementor-type=\"wp-page\" data-elementor-id=\"3498\" class=\"elementor elementor-3498\">\n\t\t\t\t\t\t<div class=\"elementor-inner\">\n\t\t\t\t<div class=\"elementor-section-wrap\">\n\t\t\t\t\t\t\t\t\t<section class=\"elementor-section elementor-top-section elementor-element elementor-element-23645d50 elementor-section-height-min-height elementor-section-items-stretch elementor-section-content-middle elementor-section-boxed elementor-section-height-default\" data-id=\"23645d50\" data-element_type=\"section\" data-settings=\"{&quot;background_background&quot;:&quot;classic&quot;}\">\n\t\t\t\t\t\t<div class=\"elementor-container elementor-column-gap-no\">\n\t\t\t\t\t\t\t<div class=\"elementor-row\">\n\t\t\t\t\t<div class=\"elementor-column elementor-col-100 elementor-top-column elementor-element elementor-element-5ef3124f\" data-id=\"5ef3124f\" data-element_type=\"column\">\n\t\t\t<div class=\"elementor-column-wrap elementor-element-populated\">\n\t\t\t\t\t\t\t<div class=\"elementor-widget-wrap\">\n\t\t\t\t\t\t<div class=\"elementor-element elementor-element-1cc5d20 elementor-widget elementor-widget-image\" data-id=\"1cc5d20\" data-element_type=\"widget\" data-settings=\"{&quot;motion_fx_motion_fx_scrolling&quot;:&quot;yes&quot;,&quot;motion_fx_devices&quot;:[&quot;desktop&quot;,&quot;tablet&quot;,&quot;mobile&quot;]}\" data-widget_type=\"image.default\">\n\t\t\t\t<div class=\"elementor-widget-container\">\n\t\t\t\t\t\t\t\t<div class=\"elementor-image\">\n\t\t\t\t\t\t\t\t\t\t\t\t<img src=\"https:\/\/imker-stadt-kassel.de\/wp-content\/uploads\/elementor\/thumbs\/63986674-1-pc3dor8wus3efo6qrvcumiyr2io7xllnd9zgyrpxzs.jpg\" title=\"63986674\" alt=\"63986674\" loading=\"lazy\" \/>\t\t\t\t\t\t\t\t\t\t\t\t\t\t<\/div>\n\t\t\t\t\t\t<\/div>\n\t\t\t\t<\/div>\n\t\t\t\t\t\t<\/div>\n\t\t\t\t\t<\/div>\n\t\t<\/div>\n\t\t\t\t\t\t\t\t<\/div>\n\t\t\t\t\t<\/div>\n\t\t<\/section>\n\t\t\t\t<section class=\"elementor-section elementor-top-section elementor-element elementor-element-15fc4c83 elementor-section-boxed elementor-section-height-default elementor-section-height-default\" data-id=\"15fc4c83\" data-element_type=\"section\" data-settings=\"{&quot;background_background&quot;:&quot;classic&quot;}\">\n\t\t\t\t\t\t<div class=\"elementor-container elementor-column-gap-thegem\">\n\t\t\t\t\t\t\t<div class=\"elementor-row\">\n\t\t\t\t\t<div class=\"elementor-column elementor-col-100 elementor-top-column elementor-element elementor-element-5d85374\" data-id=\"5d85374\" data-element_type=\"column\">\n\t\t\t<div class=\"elementor-column-wrap elementor-element-populated\">\n\t\t\t\t\t\t\t<div class=\"elementor-widget-wrap\">\n\t\t\t\t\t\t<div class=\"elementor-element elementor-element-4a353ec5 elementor-invisible elementor-widget elementor-widget-heading\" data-id=\"4a353ec5\" data-element_type=\"widget\" data-settings=\"{&quot;_animation&quot;:&quot;fadeInUp&quot;}\" data-widget_type=\"heading.default\">\n\t\t\t\t<div class=\"elementor-widget-container\">\n\t\t\t<div class=\"title-h1 elementor-heading-title elementor-size-default\">Bienensachverst\u00e4ndige<\/div>\t\t<\/div>\n\t\t\t\t<\/div>\n\t\t\t\t\t\t<\/div>\n\t\t\t\t\t<\/div>\n\t\t<\/div>\n\t\t\t\t\t\t\t\t<\/div>\n\t\t\t\t\t<\/div>\n\t\t<\/section>\n\t\t\t\t<section class=\"elementor-section elementor-top-section elementor-element elementor-element-ad48167 elementor-section-boxed elementor-section-height-default elementor-section-height-default\" data-id=\"ad48167\" data-element_type=\"section\" data-settings=\"{&quot;background_background&quot;:&quot;classic&quot;}\">\n\t\t\t\t\t\t<div class=\"elementor-container elementor-column-gap-thegem\">\n\t\t\t\t\t\t\t<div class=\"elementor-row\">\n\t\t\t\t\t<div class=\"elementor-column elementor-col-100 elementor-top-column elementor-element elementor-element-bd16a9f\" data-id=\"bd16a9f\" data-element_type=\"column\" data-settings=\"{&quot;background_background&quot;:&quot;classic&quot;}\">\n\t\t\t<div class=\"elementor-column-wrap elementor-element-populated\">\n\t\t\t\t\t\t\t<div class=\"elementor-widget-wrap\">\n\t\t\t\t\t\t<div class=\"elementor-element elementor-element-14243e0 elementor-widget elementor-widget-text-editor\" data-id=\"14243e0\" data-element_type=\"widget\" data-widget_type=\"text-editor.default\">\n\t\t\t\t<div class=\"elementor-widget-container\">\n\t\t\t\t\t\t\t\t<div class=\"elementor-text-editor elementor-clearfix\">\n\t\t\t\t<p>Bienensachverst\u00e4ndige (BSV) beurteilen Bienenv\u00f6lker zur Ausstellung von Gesundheitsbescheinigungen und beraten die Imker zu Bienenkrankheiten und deren Vermeidung bzw. Behandlung.<\/p><p>Sie unterst\u00fctzen und beraten die Veterin\u00e4rverwaltung bei der Feststellung und Bek\u00e4mpfung von Bienenseuchen. Dabei handeln sie im staatlichen Auftrag und sind insoweit an die Weisungen der zust\u00e4ndigen Beh\u00f6rden gebunden.<\/p><p>Derzeit sind folgende Imker der Region seitens des Veterin\u00e4ramtes als Bienensachverst\u00e4ndige bestellt:<\/p>\t\t\t\t\t<\/div>\n\t\t\t\t\t\t<\/div>\n\t\t\t\t<\/div>\n\t\t\t\t\t\t<\/div>\n\t\t\t\t\t<\/div>\n\t\t<\/div>\n\t\t\t\t\t\t\t\t<\/div>\n\t\t\t\t\t<\/div>\n\t\t<\/section>\n\t\t\t\t<section class=\"elementor-section elementor-top-section elementor-element elementor-element-3ee848f elementor-section-boxed elementor-section-height-default elementor-section-height-default\" data-id=\"3ee848f\" data-element_type=\"section\" data-settings=\"{&quot;background_background&quot;:&quot;classic&quot;}\">\n\t\t\t\t\t\t<div class=\"elementor-container elementor-column-gap-thegem\">\n\t\t\t\t\t\t\t<div class=\"elementor-row\">\n\t\t\t\t\t<div class=\"elementor-column elementor-col-100 elementor-top-column elementor-element elementor-element-6c6031e6\" data-id=\"6c6031e6\" data-element_type=\"column\" data-settings=\"{&quot;background_background&quot;:&quot;classic&quot;}\">\n\t\t\t<div class=\"elementor-column-wrap elementor-element-populated\">\n\t\t\t\t\t\t\t<div class=\"elementor-widget-wrap\">\n\t\t\t\t\t\t<div class=\"elementor-element elementor-element-11325e81 elementor-widget elementor-widget-text-editor\" data-id=\"11325e81\" data-element_type=\"widget\" data-widget_type=\"text-editor.default\">\n\t\t\t\t<div class=\"elementor-widget-container\">\n\t\t\t\t\t\t\t\t<div class=\"elementor-text-editor elementor-clearfix\">\n\t\t\t\t<h2 style=\"text-align: center;\">Bereich Stadt Kassel<\/h2>\t\t\t\t\t<\/div>\n\t\t\t\t\t\t<\/div>\n\t\t\t\t<\/div>\n\t\t\t\t<div class=\"elementor-element elementor-element-6bb61b11 elementor-widget elementor-widget-thegem-team\" data-id=\"6bb61b11\" data-element_type=\"widget\" data-settings=\"{&quot;content_team_cat&quot;:[&quot;bsv-stadt-kassel&quot;],&quot;items_count&quot;:4,&quot;thegem_elementor_preset&quot;:&quot;2&quot;,&quot;columns&quot;:&quot;2&quot;,&quot;content_elems_descript&quot;:&quot;yes&quot;,&quot;columns_tablet&quot;:2,&quot;columns_mobile&quot;:1,&quot;content_elems_name&quot;:&quot;yes&quot;,&quot;content_elems_phone&quot;:&quot;yes&quot;,&quot;content_elems_email&quot;:&quot;yes&quot;}\" data-widget_type=\"thegem-team.default\">\n\t\t\t\t<div class=\"elementor-widget-container\">\n\t\t\t\r\n\t\t\t<div class=\"row gem-team gem-team-style-2\" >\r\n\r\n\t\t\t\t<div class=\"col-md-6 col-sm-6 col-xs-12 thegem-wrap inline-column\">\r\n\r\n\t<div id=\"post-3955\" class=\"team-person bordered-box post-3955 thegem_team_person type-thegem_team_person status-publish\" >\r\n\r\n\t\t<div class=\"team-person-box clearfix team-person-box-columns\">\r\n\r\n\t\t\t\r\n\t\t\t<div class=\"team-person-box-right\">\r\n\r\n\t\t\t\t<div class=\"team-person-info\">\r\n\r\n\t\t\t\t\t\t\t\t\t\t\t<div class=\"team-person-name title-h4\" ><span class=\"light\">Michael Fehr<\/span><\/div>\t\t\t\t\t\r\n\t\t\t\t\t\r\n\t\t\t\t\t\t\t\t\t\t\t<div class=\"team-person-description\"><p>Bergsh\u00e4user Str. 12<br \/>\n34123 Kassel<\/p>\n<\/div>\r\n\t\t\t\t\t\r\n\t\t\t\t\t\t\t\t\t\t\t<div class=\"gem-styled-color-1\">\r\n\t\t\t\t\t\t\t<div class=\"team-person-phone title-h5\">\r\n\t\t\t\t\t\t\t\t<span class=\"light\"><a href=\"tel:0561%2059348\">0561 59348<\/a><\/span>\r\n\t\t\t\t\t\t\t<\/div>\r\n\t\t\t\t\t\t<\/div>\r\n\t\t\t\t\t\r\n\t\t\t\t\t\r\n\t\t\t\t<\/div>\r\n\r\n\t\t\t\t\r\n\t\t\t<\/div>\r\n\r\n\t\t\t\r\n\t\t<\/div>\r\n\t<\/div>\r\n\r\n<\/div><div class=\"col-md-6 col-sm-6 col-xs-12 thegem-wrap inline-column\">\r\n\r\n\t<div id=\"post-3956\" class=\"team-person bordered-box post-3956 thegem_team_person type-thegem_team_person status-publish\" >\r\n\r\n\t\t<div class=\"team-person-box clearfix team-person-box-columns\">\r\n\r\n\t\t\t\r\n\t\t\t<div class=\"team-person-box-right\">\r\n\r\n\t\t\t\t<div class=\"team-person-info\">\r\n\r\n\t\t\t\t\t\t\t\t\t\t\t<div class=\"team-person-name title-h4\" ><span class=\"light\">Andreas Hoppe<\/span><\/div>\t\t\t\t\t\r\n\t\t\t\t\t\r\n\t\t\t\t\t\t\t\t\t\t\t<div class=\"team-person-description\"><p>Ehlener Stra\u00dfe 16<br \/>\n34289 Zierenberg<\/p>\n<\/div>\r\n\t\t\t\t\t\r\n\t\t\t\t\t\t\t\t\t\t\t<div class=\"gem-styled-color-1\">\r\n\t\t\t\t\t\t\t<div class=\"team-person-phone title-h5\">\r\n\t\t\t\t\t\t\t\t<span class=\"light\"><a href=\"tel:05606%208828\">05606 8828<\/a><\/span>\r\n\t\t\t\t\t\t\t<\/div>\r\n\t\t\t\t\t\t<\/div>\r\n\t\t\t\t\t\r\n\t\t\t\t\t\r\n\t\t\t\t<\/div>\r\n\r\n\t\t\t\t\r\n\t\t\t<\/div>\r\n\r\n\t\t\t\r\n\t\t<\/div>\r\n\t<\/div>\r\n\r\n<\/div><div class=\"col-md-6 col-sm-6 col-xs-12 thegem-wrap inline-column\">\r\n\r\n\t<div id=\"post-3957\" class=\"team-person bordered-box post-3957 thegem_team_person type-thegem_team_person status-publish\" >\r\n\r\n\t\t<div class=\"team-person-box clearfix team-person-box-columns\">\r\n\r\n\t\t\t\r\n\t\t\t<div class=\"team-person-box-right\">\r\n\r\n\t\t\t\t<div class=\"team-person-info\">\r\n\r\n\t\t\t\t\t\t\t\t\t\t\t<div class=\"team-person-name title-h4\" ><span class=\"light\">Michael Reiter<\/span><\/div>\t\t\t\t\t\r\n\t\t\t\t\t\r\n\t\t\t\t\t\t\t\t\t\t\t<div class=\"team-person-description\"><p>Obere Stra\u00dfe 4<br \/>\n34270 Schauenburg<\/p>\n<\/div>\r\n\t\t\t\t\t\r\n\t\t\t\t\t\t\t\t\t\t\t<div class=\"gem-styled-color-1\">\r\n\t\t\t\t\t\t\t<div class=\"team-person-phone title-h5\">\r\n\t\t\t\t\t\t\t\t<span class=\"light\"><a href=\"tel:5601%20968570\">5601 968570<\/a><\/span>\r\n\t\t\t\t\t\t\t<\/div>\r\n\t\t\t\t\t\t<\/div>\r\n\t\t\t\t\t\r\n\t\t\t\t\t\r\n\t\t\t\t<\/div>\r\n\r\n\t\t\t\t\r\n\t\t\t<\/div>\r\n\r\n\t\t\t\r\n\t\t<\/div>\r\n\t<\/div>\r\n\r\n<\/div><div class=\"col-md-6 col-sm-6 col-xs-12 thegem-wrap inline-column\">\r\n\r\n\t<div id=\"post-3958\" class=\"team-person bordered-box post-3958 thegem_team_person type-thegem_team_person status-publish\" >\r\n\r\n\t\t<div class=\"team-person-box clearfix team-person-box-columns\">\r\n\r\n\t\t\t\r\n\t\t\t<div class=\"team-person-box-right\">\r\n\r\n\t\t\t\t<div class=\"team-person-info\">\r\n\r\n\t\t\t\t\t\t\t\t\t\t\t<div class=\"team-person-name title-h4\" ><span class=\"light\">Robert Schaubitzer<\/span><\/div>\t\t\t\t\t\r\n\t\t\t\t\t\r\n\t\t\t\t\t\t\t\t\t\t\t<div class=\"team-person-description\"><p>Am Wasserturm 6<br \/>\n34128 Kassel<\/p>\n<\/div>\r\n\t\t\t\t\t\r\n\t\t\t\t\t\t\t\t\t\t\t<div class=\"gem-styled-color-1\">\r\n\t\t\t\t\t\t\t<div class=\"team-person-phone title-h5\">\r\n\t\t\t\t\t\t\t\t<span class=\"light\"><a href=\"tel:0561%20885923%20|%200157%2086553716\">0561 885923 | 0157 86553716<\/a><\/span>\r\n\t\t\t\t\t\t\t<\/div>\r\n\t\t\t\t\t\t<\/div>\r\n\t\t\t\t\t\r\n\t\t\t\t\t\t\t\t\t\t\t<div class=\"team-person-email\">\r\n\t\t\t\t\t\t\t<a href=\"mailto:schaubischaubitzer@gmx.de\">schaubischaubitzer@gmx.de<\/a>\r\n\t\t\t\t\t\t<\/div>\r\n\t\t\t\t\t\r\n\t\t\t\t<\/div>\r\n\r\n\t\t\t\t\r\n\t\t\t<\/div>\r\n\r\n\t\t\t\r\n\t\t<\/div>\r\n\t<\/div>\r\n\r\n<\/div>\r\n\t\t\t<\/div>\r\n\r\n\t\t\t\t<\/div>\n\t\t\t\t<\/div>\n\t\t\t\t<div class=\"elementor-element elementor-element-9af69de elementor-widget elementor-widget-text-editor\" data-id=\"9af69de\" data-element_type=\"widget\" data-widget_type=\"text-editor.default\">\n\t\t\t\t<div class=\"elementor-widget-container\">\n\t\t\t\t\t\t\t\t<div class=\"elementor-text-editor elementor-clearfix\">\n\t\t\t\t<h2 style=\"text-align: center;\">Bereich Landkreis Kassel<\/h2>\t\t\t\t\t<\/div>\n\t\t\t\t\t\t<\/div>\n\t\t\t\t<\/div>\n\t\t\t\t<div class=\"elementor-element elementor-element-32b97f22 elementor-widget elementor-widget-thegem-team\" data-id=\"32b97f22\" data-element_type=\"widget\" data-settings=\"{&quot;content_team_cat&quot;:[&quot;bsv-landkreis-kassel&quot;],&quot;items_count&quot;:5,&quot;thegem_elementor_preset&quot;:&quot;2&quot;,&quot;columns&quot;:&quot;2&quot;,&quot;content_elems_descript&quot;:&quot;yes&quot;,&quot;columns_tablet&quot;:2,&quot;columns_mobile&quot;:1,&quot;content_elems_name&quot;:&quot;yes&quot;,&quot;content_elems_position&quot;:&quot;yes&quot;,&quot;content_elems_phone&quot;:&quot;yes&quot;,&quot;content_elems_email&quot;:&quot;yes&quot;}\" data-widget_type=\"thegem-team.default\">\n\t\t\t\t<div class=\"elementor-widget-container\">\n\t\t\t\r\n\t\t\t<div class=\"row gem-team gem-team-style-2\" >\r\n\r\n\t\t\t\t<div class=\"col-md-6 col-sm-6 col-xs-12 thegem-wrap inline-column\">\r\n\r\n\t<div id=\"post-3963\" class=\"team-person bordered-box post-3963 thegem_team_person type-thegem_team_person status-publish\" >\r\n\r\n\t\t<div class=\"team-person-box clearfix team-person-box-columns\">\r\n\r\n\t\t\t\r\n\t\t\t<div class=\"team-person-box-right\">\r\n\r\n\t\t\t\t<div class=\"team-person-info\">\r\n\r\n\t\t\t\t\t\t\t\t\t\t\t<div class=\"team-person-name title-h4\" ><span class=\"light\">J\u00fcrgen Br\u00f6cker<\/span><\/div>\t\t\t\t\t\r\n\t\t\t\t\t\t\t\t\t\t\t<div class=\"team-person-position date-color\">Baunatal, Fuldabr\u00fcck, Schauenburg<\/div>\t\t\t\t\t\r\n\t\t\t\t\t\t\t\t\t\t\t<div class=\"team-person-description\"><p>Vertreten von Alexander Steinmetz<\/p>\n<\/div>\r\n\t\t\t\t\t\r\n\t\t\t\t\t\t\t\t\t\t\t<div class=\"gem-styled-color-1\">\r\n\t\t\t\t\t\t\t<div class=\"team-person-phone title-h5\">\r\n\t\t\t\t\t\t\t\t<span class=\"light\"><a href=\"tel:0561%204750024\">0561 4750024<\/a><\/span>\r\n\t\t\t\t\t\t\t<\/div>\r\n\t\t\t\t\t\t<\/div>\r\n\t\t\t\t\t\r\n\t\t\t\t\t\r\n\t\t\t\t<\/div>\r\n\r\n\t\t\t\t\r\n\t\t\t<\/div>\r\n\r\n\t\t\t\r\n\t\t<\/div>\r\n\t<\/div>\r\n\r\n<\/div><div class=\"col-md-6 col-sm-6 col-xs-12 thegem-wrap inline-column\">\r\n\r\n\t<div id=\"post-3973\" class=\"team-person bordered-box post-3973 thegem_team_person type-thegem_team_person status-publish\" >\r\n\r\n\t\t<div class=\"team-person-box clearfix team-person-box-columns\">\r\n\r\n\t\t\t\r\n\t\t\t<div class=\"team-person-box-right\">\r\n\r\n\t\t\t\t<div class=\"team-person-info\">\r\n\r\n\t\t\t\t\t\t\t\t\t\t\t<div class=\"team-person-name title-h4\" ><span class=\"light\">Bernd Predak<\/span><\/div>\t\t\t\t\t\r\n\t\t\t\t\t\t\t\t\t\t\t<div class=\"team-person-position date-color\">Hofgeismar, Immenhausen, Grebenstein<\/div>\t\t\t\t\t\r\n\t\t\t\t\t\t\t\t\t\t\t<div class=\"team-person-description\"><p>Wiesenweg 10<br \/>\n34396 Liebenau<\/p>\n<p>Vertreten von Matthias Janke<\/p>\n<\/div>\r\n\t\t\t\t\t\r\n\t\t\t\t\t\t\t\t\t\t\t<div class=\"gem-styled-color-1\">\r\n\t\t\t\t\t\t\t<div class=\"team-person-phone title-h5\">\r\n\t\t\t\t\t\t\t\t<span class=\"light\"><a href=\"tel:05676%20920997%20|%200174%207051562\">05676 920997 | 0174 7051562<\/a><\/span>\r\n\t\t\t\t\t\t\t<\/div>\r\n\t\t\t\t\t\t<\/div>\r\n\t\t\t\t\t\r\n\t\t\t\t\t\t\t\t\t\t\t<div class=\"team-person-email\">\r\n\t\t\t\t\t\t\t<a href=\"mailto:bernd.predak@gmx.de\">bernd.predak@gmx.de<\/a>\r\n\t\t\t\t\t\t<\/div>\r\n\t\t\t\t\t\r\n\t\t\t\t<\/div>\r\n\r\n\t\t\t\t\r\n\t\t\t<\/div>\r\n\r\n\t\t\t\r\n\t\t<\/div>\r\n\t<\/div>\r\n\r\n<\/div><div class=\"col-md-6 col-sm-6 col-xs-12 thegem-wrap inline-column\">\r\n\r\n\t<div id=\"post-3974\" class=\"team-person bordered-box post-3974 thegem_team_person type-thegem_team_person status-publish\" >\r\n\r\n\t\t<div class=\"team-person-box clearfix team-person-box-columns\">\r\n\r\n\t\t\t\r\n\t\t\t<div class=\"team-person-box-right\">\r\n\r\n\t\t\t\t<div class=\"team-person-info\">\r\n\r\n\t\t\t\t\t\t\t\t\t\t\t<div class=\"team-person-name title-h4\" ><span class=\"light\">Wolfgang Scheele<\/span><\/div>\t\t\t\t\t\r\n\t\t\t\t\t\t\t\t\t\t\t<div class=\"team-person-position date-color\">Bad Karlshafen, Trendelburg, Oberweser, Reinhardshagen, Wahlsburg<\/div>\t\t\t\t\t\r\n\t\t\t\t\t\t\t\t\t\t\t<div class=\"team-person-description\"><p>H\u00fcmmer Stra\u00dfe 1<br \/>\n34388 Trendelburg<\/p>\n<\/div>\r\n\t\t\t\t\t\r\n\t\t\t\t\t\t\t\t\t\t\t<div class=\"gem-styled-color-1\">\r\n\t\t\t\t\t\t\t<div class=\"team-person-phone title-h5\">\r\n\t\t\t\t\t\t\t\t<span class=\"light\"><a href=\"tel:05671%206944%20|%200177%2029013346\">05671 6944 | 0177 29013346<\/a><\/span>\r\n\t\t\t\t\t\t\t<\/div>\r\n\t\t\t\t\t\t<\/div>\r\n\t\t\t\t\t\r\n\t\t\t\t\t\t\t\t\t\t\t<div class=\"team-person-email\">\r\n\t\t\t\t\t\t\t<a href=\"mailto:w.scheele@eberschuetz.de\">w.scheele@eberschuetz.de<\/a>\r\n\t\t\t\t\t\t<\/div>\r\n\t\t\t\t\t\r\n\t\t\t\t<\/div>\r\n\r\n\t\t\t\t\r\n\t\t\t<\/div>\r\n\r\n\t\t\t\r\n\t\t<\/div>\r\n\t<\/div>\r\n\r\n<\/div><div class=\"col-md-6 col-sm-6 col-xs-12 thegem-wrap inline-column\">\r\n\r\n\t<div id=\"post-3975\" class=\"team-person bordered-box post-3975 thegem_team_person type-thegem_team_person status-publish\" >\r\n\r\n\t\t<div class=\"team-person-box clearfix team-person-box-columns\">\r\n\r\n\t\t\t\r\n\t\t\t<div class=\"team-person-box-right\">\r\n\r\n\t\t\t\t<div class=\"team-person-info\">\r\n\r\n\t\t\t\t\t\t\t\t\t\t\t<div class=\"team-person-name title-h4\" ><span class=\"light\">Alexander Steinmetz<\/span><\/div>\t\t\t\t\t\r\n\t\t\t\t\t\t\t\t\t\t\t<div class=\"team-person-position date-color\">Helsa, Kaufungen, Lohfelden, Nieste, Niestetal, S\u00f6hrewald<\/div>\t\t\t\t\t\r\n\t\t\t\t\t\t\t\t\t\t\t<div class=\"team-person-description\"><p>Br\u00fcckenweg 13<br \/>\n34134 Kassel<\/p>\n<p>Vertreten von J\u00fcrgen Br\u00f6cker<\/p>\n<\/div>\r\n\t\t\t\t\t\r\n\t\t\t\t\t\t\t\t\t\t\t<div class=\"gem-styled-color-1\">\r\n\t\t\t\t\t\t\t<div class=\"team-person-phone title-h5\">\r\n\t\t\t\t\t\t\t\t<span class=\"light\"><a href=\"tel:0561%204001543%20|%200178%205517148\">0561 4001543 | 0178 5517148<\/a><\/span>\r\n\t\t\t\t\t\t\t<\/div>\r\n\t\t\t\t\t\t<\/div>\r\n\t\t\t\t\t\r\n\t\t\t\t\t\t\t\t\t\t\t<div class=\"team-person-email\">\r\n\t\t\t\t\t\t\t<a href=\"mailto:steinmetzalex@gmx.de\">steinmetzalex@gmx.de<\/a>\r\n\t\t\t\t\t\t<\/div>\r\n\t\t\t\t\t\r\n\t\t\t\t<\/div>\r\n\r\n\t\t\t\t\r\n\t\t\t<\/div>\r\n\r\n\t\t\t\r\n\t\t<\/div>\r\n\t<\/div>\r\n\r\n<\/div><div class=\"col-md-6 col-sm-6 col-xs-12 thegem-wrap inline-column\">\r\n\r\n\t<div id=\"post-3971\" class=\"team-person bordered-box post-3971 thegem_team_person type-thegem_team_person status-publish\" >\r\n\r\n\t\t<div class=\"team-person-box clearfix team-person-box-columns\">\r\n\r\n\t\t\t\r\n\t\t\t<div class=\"team-person-box-right\">\r\n\r\n\t\t\t\t<div class=\"team-person-info\">\r\n\r\n\t\t\t\t\t\t\t\t\t\t\t<div class=\"team-person-name title-h4\" ><span class=\"light\">Matthias Janke<\/span><\/div>\t\t\t\t\t\r\n\t\t\t\t\t\t\t\t\t\t\t<div class=\"team-person-position date-color\">Fuldatal, Vellmar, Espenau, Ahnatal<\/div>\t\t\t\t\t\r\n\t\t\t\t\t\t\t\t\t\t\t<div class=\"team-person-description\"><p>Ihringsh\u00e4user Stra\u00dfe 15<br \/>\n34125 Kassel<\/p>\n<p>Vertreten von Alexander Steinmetz<\/p>\n<\/div>\r\n\t\t\t\t\t\r\n\t\t\t\t\t\t\t\t\t\t\t<div class=\"gem-styled-color-1\">\r\n\t\t\t\t\t\t\t<div class=\"team-person-phone title-h5\">\r\n\t\t\t\t\t\t\t\t<span class=\"light\"><a href=\"tel:0561%20877386%20|%200172%207971512\">0561 877386 | 0172 7971512<\/a><\/span>\r\n\t\t\t\t\t\t\t<\/div>\r\n\t\t\t\t\t\t<\/div>\r\n\t\t\t\t\t\r\n\t\t\t\t\t\t\t\t\t\t\t<div class=\"team-person-email\">\r\n\t\t\t\t\t\t\t<a href=\"mailto:mathiasjanke@hotmail.com\">mathiasjanke@hotmail.com<\/a>\r\n\t\t\t\t\t\t<\/div>\r\n\t\t\t\t\t\r\n\t\t\t\t<\/div>\r\n\r\n\t\t\t\t\r\n\t\t\t<\/div>\r\n\r\n\t\t\t\r\n\t\t<\/div>\r\n\t<\/div>\r\n\r\n<\/div>\r\n\t\t\t<\/div>\r\n\r\n\t\t\t\t<\/div>\n\t\t\t\t<\/div>\n\t\t\t\t<div class=\"elementor-element elementor-element-946b0e8 elementor-widget elementor-widget-text-editor\" data-id=\"946b0e8\" data-element_type=\"widget\" data-widget_type=\"text-editor.default\">\n\t\t\t\t<div class=\"elementor-widget-container\">\n\t\t\t\t\t\t\t\t<div class=\"elementor-text-editor elementor-clearfix\">\n\t\t\t\t<p>Hinweise: Die Angaben zu den Sachverst\u00e4ndigen sind im \u00f6ffentlichen Bereich aus Datenschutzgr\u00fcnden nur teilweise angegeben!\u00a0<\/p><p>Die Aufgabe des BSV hat nichts mit der Vereinszugeh\u00f6rigkeit zu tun. Wenn Sie ein Gesundheitszeugnis Ihrer Bienen ben\u00f6tigen, beispielsweise um diese \u00fcber den Landkreis Kassel hinaus zu verkaufen, nehmen Sie direkt mit einem der Sachverst\u00e4ndigen Kontakt auf.<\/p>\t\t\t\t\t<\/div>\n\t\t\t\t\t\t<\/div>\n\t\t\t\t<\/div>\n\t\t\t\t\t\t<\/div>\n\t\t\t\t\t<\/div>\n\t\t<\/div>\n\t\t\t\t\t\t\t\t<\/div>\n\t\t\t\t\t<\/div>\n\t\t<\/section>\n\t\t\t\t\t\t\t\t\t<\/div>\n\t\t\t<\/div>\n\t\t\t\t\t<\/div>\n\t\t","protected":false},"excerpt":{"rendered":"<p>Bienensachverst\u00e4ndige Bienensachverst\u00e4ndige (BSV) beurteilen Bienenv\u00f6lker zur Ausstellung von Gesundheitsbescheinigungen und beraten die Imker zu Bienenkrankheiten und deren Vermeidung bzw. Behandlung&#8230;.<\/p>\n","protected":false},"author":1,"featured_media":0,"parent":0,"menu_order":0,"comment_status":"closed","ping_status":"closed","template":"","meta":[],"_links":{"self":[{"href":"https:\/\/imker-stadt-kassel.de\/index.php?rest_route=\/wp\/v2\/pages\/3498"}],"collection":[{"href":"https:\/\/imker-stadt-kassel.de\/index.php?rest_route=\/wp\/v2\/pages"}],"about":[{"href":"https:\/\/imker-stadt-kassel.de\/index.php?rest_route=\/wp\/v2\/types\/page"}],"author":[{"embeddable":true,"href":"https:\/\/imker-stadt-kassel.de\/index.php?rest_route=\/wp\/v2\/users\/1"}],"replies":[{"embeddable":true,"href":"https:\/\/imker-stadt-kassel.de\/index.php?rest_route=%2Fwp%2Fv2%2Fcomments&post=3498"}],"version-history":[{"count":20,"href":"https:\/\/imker-stadt-kassel.de\/index.php?rest_route=\/wp\/v2\/pages\/3498\/revisions"}],"predecessor-version":[{"id":4889,"href":"https:\/\/imker-stadt-kassel.de\/index.php?rest_route=\/wp\/v2\/pages\/3498\/revisions\/4889"}],"wp:attachment":[{"href":"https:\/\/imker-stadt-kassel.de\/index.php?rest_route=%2Fwp%2Fv2%2Fmedia&parent=3498"}],"curies":[{"name":"wp","href":"https:\/\/api.w.org\/{rel}","templated":true}]}}