{"id":3497,"date":"2021-08-14T19:33:30","date_gmt":"2021-08-14T19:33:30","guid":{"rendered":"https:\/\/imker-stadt-kassel.de\/?page_id=3497"},"modified":"2021-08-24T15:31:27","modified_gmt":"2021-08-24T15:31:27","slug":"imkerberater","status":"publish","type":"page","link":"https:\/\/imker-stadt-kassel.de\/?page_id=3497","title":{"rendered":"Imkerberater"},"content":{"rendered":"\t\t<div data-elementor-type=\"wp-page\" data-elementor-id=\"3497\" class=\"elementor elementor-3497\">\n\t\t\t\t\t\t<div class=\"elementor-inner\">\n\t\t\t\t<div class=\"elementor-section-wrap\">\n\t\t\t\t\t\t\t\t\t<section class=\"elementor-section elementor-top-section elementor-element elementor-element-3d08a794 elementor-section-height-min-height elementor-section-boxed elementor-section-height-default elementor-section-items-middle\" data-id=\"3d08a794\" data-element_type=\"section\" data-settings=\"{&quot;background_background&quot;:&quot;classic&quot;}\">\n\t\t\t\t\t\t<div class=\"elementor-container elementor-column-gap-thegem\">\n\t\t\t\t\t\t\t<div class=\"elementor-row\">\n\t\t\t\t\t<div class=\"elementor-column elementor-col-100 elementor-top-column elementor-element elementor-element-75a860a8\" data-id=\"75a860a8\" data-element_type=\"column\">\n\t\t\t<div class=\"elementor-column-wrap elementor-element-populated\">\n\t\t\t\t\t\t\t<div class=\"elementor-widget-wrap\">\n\t\t\t\t\t\t<div class=\"elementor-element elementor-element-26ef3aa4 elementor-widget elementor-widget-heading\" data-id=\"26ef3aa4\" data-element_type=\"widget\" data-widget_type=\"heading.default\">\n\t\t\t\t<div class=\"elementor-widget-container\">\n\t\t\t<h2 class=\"elementor-heading-title elementor-size-large\">Imkerberater<\/h2>\t\t<\/div>\n\t\t\t\t<\/div>\n\t\t\t\t\t\t<\/div>\n\t\t\t\t\t<\/div>\n\t\t<\/div>\n\t\t\t\t\t\t\t\t<\/div>\n\t\t\t\t\t<\/div>\n\t\t<\/section>\n\t\t\t\t<section class=\"elementor-section elementor-top-section elementor-element elementor-element-6a79d1ce elementor-section-boxed elementor-section-height-default elementor-section-height-default\" data-id=\"6a79d1ce\" data-element_type=\"section\" data-settings=\"{&quot;background_background&quot;:&quot;classic&quot;}\">\n\t\t\t\t\t\t<div class=\"elementor-container elementor-column-gap-thegem\">\n\t\t\t\t\t\t\t<div class=\"elementor-row\">\n\t\t\t\t\t<div class=\"elementor-column elementor-col-100 elementor-top-column elementor-element elementor-element-5c906e8a\" data-id=\"5c906e8a\" data-element_type=\"column\">\n\t\t\t<div class=\"elementor-column-wrap elementor-element-populated\">\n\t\t\t\t\t\t\t<div class=\"elementor-widget-wrap\">\n\t\t\t\t\t\t<div class=\"elementor-element elementor-element-a8e35d6 elementor-widget-divider--view-line elementor-widget elementor-widget-divider\" data-id=\"a8e35d6\" data-element_type=\"widget\" data-widget_type=\"divider.default\">\n\t\t\t\t<div class=\"elementor-widget-container\">\n\t\t\t\t\t<div class=\"elementor-divider\">\n\t\t\t<span class=\"elementor-divider-separator\">\n\t\t\t\t\t\t<\/span>\n\t\t<\/div>\n\t\t\t\t<\/div>\n\t\t\t\t<\/div>\n\t\t\t\t\t\t<\/div>\n\t\t\t\t\t<\/div>\n\t\t<\/div>\n\t\t\t\t\t\t\t\t<\/div>\n\t\t\t\t\t<\/div>\n\t\t<\/section>\n\t\t\t\t<section class=\"elementor-section elementor-top-section elementor-element elementor-element-345747be elementor-section-boxed elementor-section-height-default elementor-section-height-default\" data-id=\"345747be\" data-element_type=\"section\" data-settings=\"{&quot;background_background&quot;:&quot;classic&quot;}\">\n\t\t\t\t\t\t<div class=\"elementor-container elementor-column-gap-thegem\">\n\t\t\t\t\t\t\t<div class=\"elementor-row\">\n\t\t\t\t\t<div class=\"elementor-column elementor-col-100 elementor-top-column elementor-element elementor-element-7657046b\" data-id=\"7657046b\" data-element_type=\"column\">\n\t\t\t<div class=\"elementor-column-wrap elementor-element-populated\">\n\t\t\t\t\t\t\t<div class=\"elementor-widget-wrap\">\n\t\t\t\t\t\t<div class=\"elementor-element elementor-element-29849863 elementor-widget elementor-widget-text-editor\" data-id=\"29849863\" data-element_type=\"widget\" data-widget_type=\"text-editor.default\">\n\t\t\t\t<div class=\"elementor-widget-container\">\n\t\t\t\t\t\t\t\t<div class=\"elementor-text-editor elementor-clearfix\">\n\t\t\t\t<p>Derzeit haben sich folgende Mitglieder bereit erkl\u00e4rt, anderen Imkerkollegen bei Fachfragen zur Seite zu stehen. Sie wurden \u00a0seitens des Landesverbandes und durch das Bieneninstitut Kirchhain ausgebildet\u00a0und geben Ihr Wissen gerne weiter:\u00a0<\/p><table><tbody><tr><td>Martin Weber<\/td><td>0561\/873795<\/td><\/tr><tr><td>N.N.<\/td><td>\u00a0<\/td><\/tr><tr><td>\u00a0<\/td><td>\u00a0<\/td><\/tr><\/tbody><\/table><p>Sie stehen f\u00fcr Fachfragen unserer Mitglieder zur Verf\u00fcgung und kommen auch raus an den jeweiligen Bienenstand des Imkers (gegen eine angemessene Aufwandsentsch\u00e4digung). \u00a0\u00a0<\/p>\t\t\t\t\t<\/div>\n\t\t\t\t\t\t<\/div>\n\t\t\t\t<\/div>\n\t\t\t\t<div class=\"elementor-element elementor-element-997e15b elementor-widget-divider--view-line elementor-widget elementor-widget-divider\" data-id=\"997e15b\" data-element_type=\"widget\" data-widget_type=\"divider.default\">\n\t\t\t\t<div class=\"elementor-widget-container\">\n\t\t\t\t\t<div class=\"elementor-divider\">\n\t\t\t<span class=\"elementor-divider-separator\">\n\t\t\t\t\t\t<\/span>\n\t\t<\/div>\n\t\t\t\t<\/div>\n\t\t\t\t<\/div>\n\t\t\t\t\t\t<\/div>\n\t\t\t\t\t<\/div>\n\t\t<\/div>\n\t\t\t\t\t\t\t\t<\/div>\n\t\t\t\t\t<\/div>\n\t\t<\/section>\n\t\t\t\t\t\t\t\t\t<\/div>\n\t\t\t<\/div>\n\t\t\t\t\t<\/div>\n\t\t","protected":false},"excerpt":{"rendered":"<p>Imkerberater Derzeit haben sich folgende Mitglieder bereit erkl\u00e4rt, anderen Imkerkollegen bei Fachfragen zur Seite zu stehen. Sie wurden \u00a0seitens des&#8230;<\/p>\n","protected":false},"author":1,"featured_media":0,"parent":0,"menu_order":0,"comment_status":"closed","ping_status":"closed","template":"","meta":[],"_links":{"self":[{"href":"https:\/\/imker-stadt-kassel.de\/index.php?rest_route=\/wp\/v2\/pages\/3497"}],"collection":[{"href":"https:\/\/imker-stadt-kassel.de\/index.php?rest_route=\/wp\/v2\/pages"}],"about":[{"href":"https:\/\/imker-stadt-kassel.de\/index.php?rest_route=\/wp\/v2\/types\/page"}],"author":[{"embeddable":true,"href":"https:\/\/imker-stadt-kassel.de\/index.php?rest_route=\/wp\/v2\/users\/1"}],"replies":[{"embeddable":true,"href":"https:\/\/imker-stadt-kassel.de\/index.php?rest_route=%2Fwp%2Fv2%2Fcomments&post=3497"}],"version-history":[{"count":4,"href":"https:\/\/imker-stadt-kassel.de\/index.php?rest_route=\/wp\/v2\/pages\/3497\/revisions"}],"predecessor-version":[{"id":3943,"href":"https:\/\/imker-stadt-kassel.de\/index.php?rest_route=\/wp\/v2\/pages\/3497\/revisions\/3943"}],"wp:attachment":[{"href":"https:\/\/imker-stadt-kassel.de\/index.php?rest_route=%2Fwp%2Fv2%2Fmedia&parent=3497"}],"curies":[{"name":"wp","href":"https:\/\/api.w.org\/{rel}","templated":true}]}}