{"id":3493,"date":"2021-08-14T19:33:30","date_gmt":"2021-08-14T19:33:30","guid":{"rendered":"https:\/\/imker-stadt-kassel.de\/?page_id=3493"},"modified":"2021-08-23T08:51:49","modified_gmt":"2021-08-23T08:51:49","slug":"spenden","status":"publish","type":"page","link":"https:\/\/imker-stadt-kassel.de\/?page_id=3493","title":{"rendered":"Spenden"},"content":{"rendered":"\t\t<div data-elementor-type=\"wp-page\" data-elementor-id=\"3493\" class=\"elementor elementor-3493\">\n\t\t\t\t\t\t<div class=\"elementor-inner\">\n\t\t\t\t<div class=\"elementor-section-wrap\">\n\t\t\t\t\t\t\t\t\t<section class=\"elementor-section elementor-top-section elementor-element elementor-element-57c89c2c elementor-section-height-min-height elementor-section-items-top elementor-section-full_width elementor-section-height-default\" data-id=\"57c89c2c\" data-element_type=\"section\" data-settings=\"{&quot;background_background&quot;:&quot;classic&quot;}\">\n\t\t\t\t\t\t<div class=\"elementor-container elementor-column-gap-thegem\">\n\t\t\t\t\t\t\t<div class=\"elementor-row\">\n\t\t\t\t\t<div class=\"elementor-column elementor-col-100 elementor-top-column elementor-element elementor-element-3ff94d85\" data-id=\"3ff94d85\" data-element_type=\"column\">\n\t\t\t<div class=\"elementor-column-wrap elementor-element-populated\">\n\t\t\t\t\t\t\t<div class=\"elementor-widget-wrap\">\n\t\t\t\t\t\t<div class=\"elementor-element elementor-element-5853d342 elementor-headline--style-rotate elementor-widget elementor-widget-animated-headline\" data-id=\"5853d342\" data-element_type=\"widget\" data-settings=\"{&quot;headline_style&quot;:&quot;rotate&quot;,&quot;rotating_text&quot;:&quot;Sie m\\u00f6chten uns unterst\\u00fctzen?&quot;,&quot;rotate_iteration_delay&quot;:1500,&quot;animation_type&quot;:&quot;typing&quot;,&quot;loop&quot;:&quot;yes&quot;}\" data-widget_type=\"animated-headline.default\">\n\t\t\t\t<div class=\"elementor-widget-container\">\n\t\t\t\t\t<h3 class=\"elementor-headline elementor-headline-animation-type-typing elementor-headline-letters\">\n\t\t\t\t<span class=\"elementor-headline-dynamic-wrapper elementor-headline-text-wrapper\">\n\t\t\t\t\t<span class=\"elementor-headline-dynamic-text elementor-headline-text-active\">\n\t\t\t\tSie&nbsp;m\u00f6chten&nbsp;uns&nbsp;unterst\u00fctzen?\t\t\t<\/span>\n\t\t\t\t\t\t<\/span>\n\t\t\t\t<\/h3>\n\t\t\t\t<\/div>\n\t\t\t\t<\/div>\n\t\t\t\t\t\t<\/div>\n\t\t\t\t\t<\/div>\n\t\t<\/div>\n\t\t\t\t\t\t\t\t<\/div>\n\t\t\t\t\t<\/div>\n\t\t<\/section>\n\t\t\t\t<section class=\"elementor-section elementor-top-section elementor-element elementor-element-1eb7a064 elementor-section-boxed elementor-section-height-default elementor-section-height-default\" data-id=\"1eb7a064\" data-element_type=\"section\" data-settings=\"{&quot;background_background&quot;:&quot;classic&quot;}\">\n\t\t\t\t\t\t<div class=\"elementor-container elementor-column-gap-thegem\">\n\t\t\t\t\t\t\t<div class=\"elementor-row\">\n\t\t\t\t\t<div class=\"elementor-column elementor-col-100 elementor-top-column elementor-element elementor-element-3ec3547c\" data-id=\"3ec3547c\" data-element_type=\"column\">\n\t\t\t<div class=\"elementor-column-wrap elementor-element-populated\">\n\t\t\t\t\t\t\t<div class=\"elementor-widget-wrap\">\n\t\t\t\t\t\t<div class=\"elementor-element elementor-element-be7ba0 elementor-widget elementor-widget-text-editor\" data-id=\"be7ba0\" data-element_type=\"widget\" data-widget_type=\"text-editor.default\">\n\t\t\t\t<div class=\"elementor-widget-container\">\n\t\t\t\t\t\t\t\t<div class=\"elementor-text-editor elementor-clearfix\">\n\t\t\t\t<p style=\"text-align: left;\"><span style=\"color: #000000;\">Der Imkerverein Kassel ist ein seit 1865 im Kasseler Amtsgericht eingetragener Verein. Seit seiner Gr\u00fcndung vor nun \u00fcber 150 Jahren setzen sich die Mitglieder f\u00fcr den Erhalt, Schutz und Zucht der Honigbienen ein. Damit einher geht die F\u00f6rderung der nat\u00fcrlichen Artenvielfalt, die ohne die effektive Best\u00e4ubung der Bienen deutlich zur\u00fcckgehen w\u00fcrde. Das ist ein gemeinn\u00fctziger Dienst, von dem nicht nur Landwirte und Hobbyg\u00e4rtner profitieren, sondern letztlich die gesamte Bev\u00f6lkerung. <\/span><\/p><p style=\"text-align: left;\"><span style=\"color: #000000;\">Diese Gemeinn\u00fctzigkeit wurde auch offiziell vom Finanzamt anerkannt. Inhaltlich ergab sich jedoch f\u00fcr die Imker keinerlei Ver\u00e4nderung. Denn mit oder ohne beh\u00f6rdliche Anerkennung ist uns die Bienenhaltung- und hege vor allem eine selbstlose Herzensangelegenheit. Durch die Gemeinn\u00fctzigkeit ist es nun m\u00f6glich, dass auch nicht imkernde Bev\u00f6lkerungsgruppen mit einer finanziellen Spende an den Verein, einen Beitrag leisten k\u00f6nnen, und im Gegenzug eine ordentliche Spendenquittung erhalten, welche sich bei der Einkommenssteuererkl\u00e4rung beg\u00fcnstigend auswirkt. Selbstredend wissen wir, dass kein Spender nur aufgrund einer solchen Quittung eine Zuwendung leistet. Jedoch braucht auch kein F\u00f6rderer auf diese vom Gesetzgeber geschaffene M\u00f6glichkeit zu verzichten. Mit der Gemeinn\u00fctzigkeit ist damit nun ein offizieller Rahmen geschaffen.<\/span><\/p>\t\t\t\t\t<\/div>\n\t\t\t\t\t\t<\/div>\n\t\t\t\t<\/div>\n\t\t\t\t\t\t<\/div>\n\t\t\t\t\t<\/div>\n\t\t<\/div>\n\t\t\t\t\t\t\t\t<\/div>\n\t\t\t\t\t<\/div>\n\t\t<\/section>\n\t\t\t\t<section class=\"elementor-section elementor-top-section elementor-element elementor-element-1d24d24f elementor-section-full_width elementor-section-content-middle elementor-section-height-default elementor-section-height-default\" data-id=\"1d24d24f\" data-element_type=\"section\" data-settings=\"{&quot;background_background&quot;:&quot;classic&quot;}\">\n\t\t\t\t\t\t<div class=\"elementor-container elementor-column-gap-no\">\n\t\t\t\t\t\t\t<div class=\"elementor-row\">\n\t\t\t\t\t<div class=\"elementor-column elementor-col-100 elementor-top-column elementor-element elementor-element-625256d4\" data-id=\"625256d4\" data-element_type=\"column\" data-settings=\"{&quot;background_background&quot;:&quot;classic&quot;}\">\n\t\t\t<div class=\"elementor-column-wrap elementor-element-populated\">\n\t\t\t\t\t\t\t<div class=\"elementor-widget-wrap\">\n\t\t\t\t\t\t<div class=\"elementor-element elementor-element-7622925e elementor-widget elementor-widget-heading\" data-id=\"7622925e\" data-element_type=\"widget\" data-widget_type=\"heading.default\">\n\t\t\t\t<div class=\"elementor-widget-container\">\n\t\t\t<h3 class=\"elementor-heading-title elementor-size-default\">Wof\u00fcr verwendet der Imkerverein Kassel das Geld?<\/h3>\t\t<\/div>\n\t\t\t\t<\/div>\n\t\t\t\t\t\t<\/div>\n\t\t\t\t\t<\/div>\n\t\t<\/div>\n\t\t\t\t\t\t\t\t<\/div>\n\t\t\t\t\t<\/div>\n\t\t<\/section>\n\t\t\t\t<section class=\"elementor-section elementor-top-section elementor-element elementor-element-09fd041 elementor-section-boxed elementor-section-height-default elementor-section-height-default\" data-id=\"09fd041\" data-element_type=\"section\" data-settings=\"{&quot;background_background&quot;:&quot;classic&quot;}\">\n\t\t\t\t\t\t<div class=\"elementor-container elementor-column-gap-thegem\">\n\t\t\t\t\t\t\t<div class=\"elementor-row\">\n\t\t\t\t\t<div class=\"elementor-column elementor-col-100 elementor-top-column elementor-element elementor-element-2c66b70\" data-id=\"2c66b70\" data-element_type=\"column\">\n\t\t\t<div class=\"elementor-column-wrap elementor-element-populated\">\n\t\t\t\t\t\t\t<div class=\"elementor-widget-wrap\">\n\t\t\t\t\t\t<div class=\"elementor-element elementor-element-3b03f03 elementor-widget elementor-widget-text-editor\" data-id=\"3b03f03\" data-element_type=\"widget\" data-widget_type=\"text-editor.default\">\n\t\t\t\t<div class=\"elementor-widget-container\">\n\t\t\t\t\t\t\t\t<div class=\"elementor-text-editor elementor-clearfix\">\n\t\t\t\t<p style=\"text-align: left;\"><span style=\"color: #000000;\">Der aktuelle Vereinsvorstand bleibt in der Verwendung seiner Mittel in einer inzwischen \u00fcber Jahrzehnte bewehrten Praxis: So werden die Gelder \u00fcberwiegend f\u00fcr Fortbildungsma\u00dfnahmen der Imkerschaft eingesetzt \u2013 und zwar nicht nur der im Verein organisierten Imker. Im Rahmen einer Vortragsreihe im Herbst\/Winter eines jeden Jahres laden wir Referenten aus Praxis und Forschung zu uns nach Kassel ein und lassen uns \u00fcber aktuelle Erkenntnisse informieren. Selbstredend werden daf\u00fcr<\/span><br \/><span style=\"color: #000000;\">angemessene Vortragshonorare und Reisespesen f\u00e4llig.\u00a0<\/span><\/p><p style=\"text-align: left;\"><span style=\"color: #000000;\">Ein weiterer gro\u00dfer Ausgabenbereich ist die Anschaffung von imkerlichen Werkzeugen. Die meist hochpreisigen Ger\u00e4tschaften werden nur kurze Zeit im Jahr ben\u00f6tigt. Deshalb macht es Sinn, sich diese in der Gemeinschaft auszuleihen. So wurden in den vergangenen Jahren neben Mittelwandgie\u00dfform und Dampfwachsschmelzer auch eine Honigschleuder und Entdeckelungsger\u00e4tschaften zur kostenlose Ausleihe angeschafft.\u00a0<\/span><\/p><p style=\"text-align: left;\"><span style=\"color: #000000;\">Ferner ist die\u00a0<\/span><span style=\"color: #000000;\">\u00d6ffentlichkeitsarbeit des Vereins mehr und mehr in den Fokus unserer ehrenamtlichen Vorstandsarbeit ger\u00fcckt. Wir m\u00f6chten \u00f6ffentlich auf die Belange der Bienen und der Imker aufmerksam machen. Daf\u00fcr wird Anschauungsmaterial ben\u00f6tigt. Mit diesem gehen wir auch in Schulen und Kinderg\u00e4rten, und setzen so mit unserem Bildungsauftrag bei den J\u00fcngsten an.<\/span><\/p>\t\t\t\t\t<\/div>\n\t\t\t\t\t\t<\/div>\n\t\t\t\t<\/div>\n\t\t\t\t\t\t<\/div>\n\t\t\t\t\t<\/div>\n\t\t<\/div>\n\t\t\t\t\t\t\t\t<\/div>\n\t\t\t\t\t<\/div>\n\t\t<\/section>\n\t\t\t\t<section class=\"elementor-section elementor-top-section elementor-element elementor-element-d31f9b4 elementor-section-boxed elementor-section-height-default elementor-section-height-default\" data-id=\"d31f9b4\" data-element_type=\"section\">\n\t\t\t\t\t\t<div class=\"elementor-container elementor-column-gap-thegem\">\n\t\t\t\t\t\t\t<div class=\"elementor-row\">\n\t\t\t\t\t<div class=\"elementor-column elementor-col-100 elementor-top-column elementor-element elementor-element-8a55cdc\" data-id=\"8a55cdc\" data-element_type=\"column\">\n\t\t\t<div class=\"elementor-column-wrap elementor-element-populated\">\n\t\t\t\t\t\t\t<div class=\"elementor-widget-wrap\">\n\t\t\t\t\t\t<div class=\"elementor-element elementor-element-b1e3c5d elementor-flip-box--effect-flip elementor-flip-box--direction-up elementor-widget elementor-widget-flip-box\" data-id=\"b1e3c5d\" data-element_type=\"widget\" data-widget_type=\"flip-box.default\">\n\t\t\t\t<div class=\"elementor-widget-container\">\n\t\t\t\t\t<div class=\"elementor-flip-box\">\n\t\t\t<div class=\"elementor-flip-box__layer elementor-flip-box__front\">\n\t\t\t\t<div class=\"elementor-flip-box__layer__overlay\">\n\t\t\t\t\t<div class=\"elementor-flip-box__layer__inner\">\n\t\t\t\t\t\t\t\t\t\t\t\t\t<div class=\"elementor-icon-wrapper elementor-view-default\">\n\t\t\t\t\t\t\t\t<div class=\"elementor-icon\">\n\t\t\t\t\t\t\t\t\t<i class=\"fas fa-donate\"><\/i>\t\t\t\t\t\t\t\t<\/div>\n\t\t\t\t\t\t\t<\/div>\n\t\t\t\t\t\t\n\t\t\t\t\t\t\t\t\t\t\t\t\t<h3 class=\"elementor-flip-box__layer__title\">\n\t\t\t\t\t\t\t\tSpenden\t\t\t\t\t\t\t<\/h3>\n\t\t\t\t\t\t\n\t\t\t\t\t\t\t\t\t\t\t<\/div>\n\t\t\t\t<\/div>\n\t\t\t<\/div>\n\t\t\t<a class=\"elementor-flip-box__layer elementor-flip-box__back\" href=\"https:\/\/imker-stadt-kassel.de\/wp-content\/uploads\/2021\/08\/EU-Ueberweisung.pdf\">\n\t\t\t<div class=\"elementor-flip-box__layer__overlay\">\n\t\t\t\t<div class=\"elementor-flip-box__layer__inner\">\n\t\t\t\t\t\t\t\t\t\t\t<h3 class=\"elementor-flip-box__layer__title\">\n\t\t\t\t\t\t\tImkerverein Kassel e.V.\t\t\t\t\t\t<\/h3>\n\t\t\t\t\t\n\t\t\t\t\t\t\t\t\t\t\t<div class=\"elementor-flip-box__layer__description\">\n\t\t\t\t\t\t\tIBAN: DE59520503530000059310\n<br>\nBIC: HELADEF1KAS\n<br>\nVerwendungszweck: SPENDE\t\t\t\t\t\t<\/div>\n\t\t\t\t\t\n\t\t\t\t\t\t\t\t\t\t\t<span class=\"elementor-flip-box__button elementor-button elementor-size-sm\">\n\t\t\t\t\t\tVorausgef\u00fcllter \u00dcberweisungstr\u00e4ger\t\t\t\t\t\t<\/span>\n\t\t\t\t\t\t\t\t<\/div>\n\t\t<\/div>\n\t\t<\/a>\n\t\t<\/div>\n\t\t\t\t<\/div>\n\t\t\t\t<\/div>\n\t\t\t\t\t\t<\/div>\n\t\t\t\t\t<\/div>\n\t\t<\/div>\n\t\t\t\t\t\t\t\t<\/div>\n\t\t\t\t\t<\/div>\n\t\t<\/section>\n\t\t\t\t<section class=\"elementor-section elementor-top-section elementor-element elementor-element-c79f4db elementor-section-full_width elementor-section-content-middle elementor-section-height-default elementor-section-height-default\" data-id=\"c79f4db\" data-element_type=\"section\" data-settings=\"{&quot;background_background&quot;:&quot;classic&quot;}\">\n\t\t\t\t\t\t<div class=\"elementor-container elementor-column-gap-no\">\n\t\t\t\t\t\t\t<div class=\"elementor-row\">\n\t\t\t\t\t<div class=\"elementor-column elementor-col-100 elementor-top-column elementor-element elementor-element-6f67412\" data-id=\"6f67412\" data-element_type=\"column\" data-settings=\"{&quot;background_background&quot;:&quot;classic&quot;}\">\n\t\t\t<div class=\"elementor-column-wrap elementor-element-populated\">\n\t\t\t\t\t\t\t<div class=\"elementor-widget-wrap\">\n\t\t\t\t\t\t<div class=\"elementor-element elementor-element-adf5920 elementor-widget elementor-widget-heading\" data-id=\"adf5920\" data-element_type=\"widget\" data-widget_type=\"heading.default\">\n\t\t\t\t<div class=\"elementor-widget-container\">\n\t\t\t<h3 class=\"elementor-heading-title elementor-size-default\">Wie erhalten Sie eine Spendenquittung?<\/h3>\t\t<\/div>\n\t\t\t\t<\/div>\n\t\t\t\t\t\t<\/div>\n\t\t\t\t\t<\/div>\n\t\t<\/div>\n\t\t\t\t\t\t\t\t<\/div>\n\t\t\t\t\t<\/div>\n\t\t<\/section>\n\t\t\t\t<section class=\"elementor-section elementor-top-section elementor-element elementor-element-54064c4 elementor-section-boxed elementor-section-height-default elementor-section-height-default\" data-id=\"54064c4\" data-element_type=\"section\" data-settings=\"{&quot;background_background&quot;:&quot;classic&quot;}\">\n\t\t\t\t\t\t<div class=\"elementor-container elementor-column-gap-thegem\">\n\t\t\t\t\t\t\t<div class=\"elementor-row\">\n\t\t\t\t\t<div class=\"elementor-column elementor-col-100 elementor-top-column elementor-element elementor-element-6882774\" data-id=\"6882774\" data-element_type=\"column\">\n\t\t\t<div class=\"elementor-column-wrap elementor-element-populated\">\n\t\t\t\t\t\t\t<div class=\"elementor-widget-wrap\">\n\t\t\t\t\t\t<div class=\"elementor-element elementor-element-adcde52 elementor-widget elementor-widget-text-editor\" data-id=\"adcde52\" data-element_type=\"widget\" data-widget_type=\"text-editor.default\">\n\t\t\t\t<div class=\"elementor-widget-container\">\n\t\t\t\t\t\t\t\t<div class=\"elementor-text-editor elementor-clearfix\">\n\t\t\t\t<p style=\"text-align: left;\"><br \/><span style=\"color: #000000;\">Sie erhalten die Spendenquittung, meist zu Beginn des Folgejahres, postalisch zugesandt. Diese k\u00f6nnen Sie dann an Ihren Steuerberater weiterreichen. Nat\u00fcrlich sind auch monatliche Zahlungen m\u00f6glich, die Summe wird dann zum Jahresende quittiert.<\/span><\/p>\t\t\t\t\t<\/div>\n\t\t\t\t\t\t<\/div>\n\t\t\t\t<\/div>\n\t\t\t\t\t\t<\/div>\n\t\t\t\t\t<\/div>\n\t\t<\/div>\n\t\t\t\t\t\t\t\t<\/div>\n\t\t\t\t\t<\/div>\n\t\t<\/section>\n\t\t\t\t\t\t\t\t\t<\/div>\n\t\t\t<\/div>\n\t\t\t\t\t<\/div>\n\t\t","protected":false},"excerpt":{"rendered":"<p>Sie&nbsp;m\u00f6chten&nbsp;uns&nbsp;unterst\u00fctzen? Der Imkerverein Kassel ist ein seit 1865 im Kasseler Amtsgericht eingetragener Verein. Seit seiner Gr\u00fcndung vor nun \u00fcber 150&#8230;<\/p>\n","protected":false},"author":1,"featured_media":0,"parent":0,"menu_order":0,"comment_status":"closed","ping_status":"closed","template":"page-fullwidth.php","meta":[],"_links":{"self":[{"href":"https:\/\/imker-stadt-kassel.de\/index.php?rest_route=\/wp\/v2\/pages\/3493"}],"collection":[{"href":"https:\/\/imker-stadt-kassel.de\/index.php?rest_route=\/wp\/v2\/pages"}],"about":[{"href":"https:\/\/imker-stadt-kassel.de\/index.php?rest_route=\/wp\/v2\/types\/page"}],"author":[{"embeddable":true,"href":"https:\/\/imker-stadt-kassel.de\/index.php?rest_route=\/wp\/v2\/users\/1"}],"replies":[{"embeddable":true,"href":"https:\/\/imker-stadt-kassel.de\/index.php?rest_route=%2Fwp%2Fv2%2Fcomments&post=3493"}],"version-history":[{"count":16,"href":"https:\/\/imker-stadt-kassel.de\/index.php?rest_route=\/wp\/v2\/pages\/3493\/revisions"}],"predecessor-version":[{"id":3932,"href":"https:\/\/imker-stadt-kassel.de\/index.php?rest_route=\/wp\/v2\/pages\/3493\/revisions\/3932"}],"wp:attachment":[{"href":"https:\/\/imker-stadt-kassel.de\/index.php?rest_route=%2Fwp%2Fv2%2Fmedia&parent=3493"}],"curies":[{"name":"wp","href":"https:\/\/api.w.org\/{rel}","templated":true}]}}