{"id":3427,"date":"2021-08-14T13:00:50","date_gmt":"2021-08-14T13:00:50","guid":{"rendered":"https:\/\/imker-stadt-kassel.de\/?page_id=3427"},"modified":"2021-08-21T14:58:10","modified_gmt":"2021-08-21T14:58:10","slug":"1947-1990","status":"publish","type":"page","link":"https:\/\/imker-stadt-kassel.de\/?page_id=3427","title":{"rendered":"1947-1990"},"content":{"rendered":"\t\t<div data-elementor-type=\"wp-page\" data-elementor-id=\"3427\" class=\"elementor elementor-3427\">\n\t\t\t\t\t\t<div class=\"elementor-inner\">\n\t\t\t\t<div class=\"elementor-section-wrap\">\n\t\t\t\t\t\t\t\t\t<section class=\"elementor-section elementor-top-section elementor-element elementor-element-67602cde elementor-section-height-min-height elementor-section-items-stretch elementor-section-content-middle elementor-section-boxed elementor-section-height-default\" data-id=\"67602cde\" data-element_type=\"section\" data-settings=\"{&quot;background_background&quot;:&quot;classic&quot;}\">\n\t\t\t\t\t\t<div class=\"elementor-container elementor-column-gap-no\">\n\t\t\t\t\t\t\t<div class=\"elementor-row\">\n\t\t\t\t\t<div class=\"elementor-column elementor-col-100 elementor-top-column elementor-element elementor-element-39942624\" data-id=\"39942624\" data-element_type=\"column\">\n\t\t\t<div class=\"elementor-column-wrap elementor-element-populated\">\n\t\t\t\t\t\t\t<div class=\"elementor-widget-wrap\">\n\t\t\t\t\t\t<div class=\"elementor-element elementor-element-5b13bc56 elementor-widget elementor-widget-image\" data-id=\"5b13bc56\" data-element_type=\"widget\" data-settings=\"{&quot;motion_fx_motion_fx_scrolling&quot;:&quot;yes&quot;,&quot;motion_fx_translateY_effect&quot;:&quot;yes&quot;,&quot;motion_fx_translateY_speed&quot;:{&quot;unit&quot;:&quot;px&quot;,&quot;size&quot;:5,&quot;sizes&quot;:[]},&quot;motion_fx_translateY_affectedRange&quot;:{&quot;unit&quot;:&quot;%&quot;,&quot;size&quot;:&quot;&quot;,&quot;sizes&quot;:{&quot;start&quot;:0,&quot;end&quot;:100}},&quot;motion_fx_devices&quot;:[&quot;desktop&quot;,&quot;tablet&quot;,&quot;mobile&quot;]}\" data-widget_type=\"image.default\">\n\t\t\t\t<div class=\"elementor-widget-container\">\n\t\t\t\t\t\t\t\t<div class=\"elementor-image\">\n\t\t\t\t\t\t\t\t\t<figure class=\"wp-caption\">\n\t\t\t\t\t\t\t\t\t\t<img src=\"https:\/\/imker-stadt-kassel.de\/wp-content\/uploads\/elementor\/thumbs\/bee-market-in-the-netherlands-1956-1-pbm81lug7lum09zefls70hmd5cwaqvlhni3funzz2w.jpg\" title=\"bee-market-in-the-netherlands-1956-1\" alt=\"bee-market-in-the-netherlands-1956-1\" loading=\"lazy\" \/>\t\t\t\t\t\t\t\t\t\t\t<figcaption class=\"widget-image-caption wp-caption-text\">bee market in the netherlands 1956 - Thomas D. McAvoy\u2014Time &amp; Life Pictures\/Getty Images<\/figcaption>\n\t\t\t\t\t\t\t\t\t\t<\/figure>\n\t\t\t\t\t\t\t\t<\/div>\n\t\t\t\t\t\t<\/div>\n\t\t\t\t<\/div>\n\t\t\t\t\t\t<\/div>\n\t\t\t\t\t<\/div>\n\t\t<\/div>\n\t\t\t\t\t\t\t\t<\/div>\n\t\t\t\t\t<\/div>\n\t\t<\/section>\n\t\t\t\t<section class=\"elementor-section elementor-top-section elementor-element elementor-element-3e078fc2 elementor-section-content-middle elementor-section-boxed elementor-section-height-default elementor-section-height-default\" data-id=\"3e078fc2\" data-element_type=\"section\" data-settings=\"{&quot;background_background&quot;:&quot;classic&quot;}\">\n\t\t\t\t\t\t<div class=\"elementor-container elementor-column-gap-no\">\n\t\t\t\t\t\t\t<div class=\"elementor-row\">\n\t\t\t\t\t<div class=\"elementor-column elementor-col-50 elementor-top-column elementor-element elementor-element-45d5e96a\" data-id=\"45d5e96a\" data-element_type=\"column\">\n\t\t\t<div class=\"elementor-column-wrap elementor-element-populated\">\n\t\t\t\t\t\t\t<div class=\"elementor-widget-wrap\">\n\t\t\t\t\t\t<div class=\"elementor-element elementor-element-79da4713 elementor-widget elementor-widget-text-editor\" data-id=\"79da4713\" data-element_type=\"widget\" data-widget_type=\"text-editor.default\">\n\t\t\t\t<div class=\"elementor-widget-container\">\n\t\t\t\t\t\t\t\t<div class=\"elementor-text-editor elementor-clearfix\">\n\t\t\t\t<h4 style=\"color: #ffc53d; font-family: 'Helvetica Neue', Helvetica, Arial, sans-serif; line-height: 1.1; margin-top: 10px; margin-bottom: 10px; font-size: 18px; letter-spacing: normal; text-transform: none; text-align: justify;\">Zur Geschichte des Bienenz\u00fcchtervereins Kassel von 1947 bis 1990<\/h4>\t\t\t\t\t<\/div>\n\t\t\t\t\t\t<\/div>\n\t\t\t\t<\/div>\n\t\t\t\t<div class=\"elementor-element elementor-element-51b2eac9 elementor-widget elementor-widget-text-editor\" data-id=\"51b2eac9\" data-element_type=\"widget\" data-widget_type=\"text-editor.default\">\n\t\t\t\t<div class=\"elementor-widget-container\">\n\t\t\t\t\t\t\t\t<div class=\"elementor-text-editor elementor-clearfix\">\n\t\t\t\t<p><span style=\"color: #000000;\">Mit der Wahl von Heinrich Sch\u00e4del im April 1948 und der W\u00e4hrungsreform im selben Jahr trat die bisher so wichtige Zuckerbeschaffung f\u00fcr die Imker in den Hintergrund und es wurden neue Akzente gesetzt. Auf den Bienenst\u00e4nden hier waren um diese Zeit in der Regel Preu\u00df-, Bohm- und Freudenstein-Hinterbehandlungsbeuten anzutreffen, und einem Anf\u00e4nger wurde deutlich gemacht, da\u00df es in dieser Hinsicht auch nichts Besseres g\u00e4be. Herr Sch\u00e4del versuchte sich nun landes- und weltweit zu orientieren, um geeignetes f\u00fcr die Imker hierher zu \u00fcbertragen.<\/span><\/p><p><span style=\"color: #000000;\">Gro\u00dfer Wert wurde auf die Verbesserung des Bienenmaterials gelegt, und in Verbindung mit der Marburger Anstalt geh\u00f6rte Herr Dr. Dreher als K\u00f6niginnenzuchtlehrer, Vortragender und Festredner fortan zu einer festen St\u00fctze des Vereins. Durch Initiativen von H. Sch\u00e4del und F\u00f6rster Dilling aus Kaufungen wurde in den 50er Jahren im Kaufunger Wald eine Belegstelle errichtet; als Zuchtmaterial stand Carnica verschiedener St\u00e4mme zur Verf\u00fcgung und es zeigten sich deutliche V\u00f6lkerverbesserungen. Nat\u00fcrlich war das Beschicken der Belegstelle mit einem Rucksack voll gef\u00fcllter EWKs auf dem Fahrrad zum ca. 500m hochgelegenen Belgerkopf, mehrmals im Sommer, nicht jedermanns Sache.<\/span><\/p><p><span style=\"color: #000000;\">Mittlerweile war bekanntgeworden, nicht zuletzt durch den Wanderimker Erich Kraft aus Ehlen, dass es etwas Einfacheres, Besseres gab als Hinterbehandlungsbeuten, n\u00e4mlich das Magazin. Kassel vorn hie\u00df die Parole, und Heinrich Sch\u00e4del mit seinen engsten Mitarbeitern, Walter Sch\u00e4fer, Konrad Hebler, Heinrich K\u00f6ster u. a., konstruierten und bauten ein Magazin im Kuntzsch-Ma\u00df, das Kasseler Magazin. Andere Imker taten das gleiche im Normal- bzw. im Freudensteinma\u00df.<\/span><\/p><p><span style=\"color: #000000;\">Interessant und Abwechslungsreich war es st\u00e4ndig im Kasseler Verein; in den Versammlungen sprachen Experten aus dem In- und Ausland, es wurden Standschauen und Fahrten gemacht; die vielen unterschiedlichsten Eindr\u00fccke waren oft verwirrend. Eine besondere Fahrt war schon 1951 in die DDR zur dortigen Lehranstalt Th\u00e4lerm\u00fchle mit ihrem Leiter Dr. Oschmann. Herrn Sch\u00e4del war keine Arbeit zu viel, er hatte Verbindung zu Fachleuten, von denen die meisten Imker noch nicht den Namen geh\u00f6rt hatten.<\/span><\/p>\t\t\t\t\t<\/div>\n\t\t\t\t\t\t<\/div>\n\t\t\t\t<\/div>\n\t\t\t\t<div class=\"elementor-element elementor-element-489f164d elementor-invisible elementor-widget elementor-widget-image\" data-id=\"489f164d\" data-element_type=\"widget\" data-settings=\"{&quot;_animation&quot;:&quot;slideInLeft&quot;}\" data-widget_type=\"image.default\">\n\t\t\t\t<div class=\"elementor-widget-container\">\n\t\t\t\t\t\t\t\t<div class=\"elementor-image\">\n\t\t\t\t\t\t\t\t\t<figure class=\"wp-caption\">\n\t\t\t\t\t\t\t\t\t\t<img width=\"1184\" height=\"838\" src=\"https:\/\/imker-stadt-kassel.de\/wp-content\/uploads\/2021\/08\/Kasseler_Imker_Imkerschule_Thaelermuehle_DDR.png\" class=\"elementor-animation-grow attachment-full size-full wp-image-3476\" alt=\"\" srcset=\"https:\/\/imker-stadt-kassel.de\/wp-content\/uploads\/2021\/08\/Kasseler_Imker_Imkerschule_Thaelermuehle_DDR.png 1184w, https:\/\/imker-stadt-kassel.de\/wp-content\/uploads\/2021\/08\/Kasseler_Imker_Imkerschule_Thaelermuehle_DDR-300x212.png 300w, https:\/\/imker-stadt-kassel.de\/wp-content\/uploads\/2021\/08\/Kasseler_Imker_Imkerschule_Thaelermuehle_DDR-1024x725.png 1024w, https:\/\/imker-stadt-kassel.de\/wp-content\/uploads\/2021\/08\/Kasseler_Imker_Imkerschule_Thaelermuehle_DDR-768x544.png 768w\" sizes=\"(max-width: 1184px) 100vw, 1184px\" \/>\t\t\t\t\t\t\t\t\t\t\t<figcaption class=\"widget-image-caption wp-caption-text\">Kasseler Imker mit Heinrich Sch\u00e4del 1951 zu Besuch in der Imkerschule Th\u00e4lerm\u00fchle\/DDR<\/figcaption>\n\t\t\t\t\t\t\t\t\t\t<\/figure>\n\t\t\t\t\t\t\t\t<\/div>\n\t\t\t\t\t\t<\/div>\n\t\t\t\t<\/div>\n\t\t\t\t<div class=\"elementor-element elementor-element-133d804 elementor-widget elementor-widget-text-editor\" data-id=\"133d804\" data-element_type=\"widget\" data-widget_type=\"text-editor.default\">\n\t\t\t\t<div class=\"elementor-widget-container\">\n\t\t\t\t\t\t\t\t<div class=\"elementor-text-editor elementor-clearfix\">\n\t\t\t\t<p><span style=\"color: #000000;\">So kam das Jahr 1960, und zum Kurhessischen Imkertag im September sollte Bruder Adam aus England in Kassel sprechen. Es wurde dies ein Ereignis, das Folgen hatte, wie sich sp\u00e4ter erwies. In den 60er Jahren mit ihrem bl\u00fchenden Wirtschaftswunder stand vorwiegend der Hauptberuf im Vordergrund, und die Imkerei lief etwas stiefm\u00fctterlich nebenher. Nicht so bei Heinrich Sch\u00e4del, er organisierte und plante &#8211; und ganz speziell in Richtung Buckfast. Seine guten Verbindungen zu Bruder Adam waren so weit gediehen, dass er eine Reise mit mehreren Imkern dorthin unternehmen wollte. Auf sein wiederholtes Bitten willigte ich schlie\u00dflich ein mitzufahren, aber mehr dem schon kranken Mann zuliebe. Die vielen neuen imkerlichen Eindr\u00fccke und der fast einw\u00f6chige Aufenthalt in Buckfast haben die Strapazen der Fahrt im eigenen Auto aber bei weitem ausgeglichen. So kam dann die Buckfast-Biene in den Kasseler Raum. Einer hatte aber die Nase noch weiter vorn: Franz Fehrenbach aus Ravensburg. Er hatte schon wesentlich fr\u00fcher Zuchtmaterial aus England und die Buckfast-Biene auf seinen St\u00e4nden.<\/span><\/p>\t\t\t\t\t<\/div>\n\t\t\t\t\t\t<\/div>\n\t\t\t\t<\/div>\n\t\t\t\t<div class=\"elementor-element elementor-element-65bd89c3 elementor-invisible elementor-widget elementor-widget-image\" data-id=\"65bd89c3\" data-element_type=\"widget\" data-settings=\"{&quot;_animation&quot;:&quot;slideInLeft&quot;}\" data-widget_type=\"image.default\">\n\t\t\t\t<div class=\"elementor-widget-container\">\n\t\t\t\t\t\t\t\t<div class=\"elementor-image\">\n\t\t\t\t\t\t\t\t\t<figure class=\"wp-caption\">\n\t\t\t\t\t\t\t\t\t\t<img width=\"1177\" height=\"836\" src=\"https:\/\/imker-stadt-kassel.de\/wp-content\/uploads\/2021\/08\/Bruder_Adam_England.png\" class=\"elementor-animation-grow attachment-full size-full wp-image-3477\" alt=\"\" srcset=\"https:\/\/imker-stadt-kassel.de\/wp-content\/uploads\/2021\/08\/Bruder_Adam_England.png 1177w, https:\/\/imker-stadt-kassel.de\/wp-content\/uploads\/2021\/08\/Bruder_Adam_England-300x213.png 300w, https:\/\/imker-stadt-kassel.de\/wp-content\/uploads\/2021\/08\/Bruder_Adam_England-1024x727.png 1024w, https:\/\/imker-stadt-kassel.de\/wp-content\/uploads\/2021\/08\/Bruder_Adam_England-768x545.png 768w\" sizes=\"(max-width: 1177px) 100vw, 1177px\" \/>\t\t\t\t\t\t\t\t\t\t\t<figcaption class=\"widget-image-caption wp-caption-text\">Kasseler Imker 1974 bei Bruder Adam in England<\/figcaption>\n\t\t\t\t\t\t\t\t\t\t<\/figure>\n\t\t\t\t\t\t\t\t<\/div>\n\t\t\t\t\t\t<\/div>\n\t\t\t\t<\/div>\n\t\t\t\t<div class=\"elementor-element elementor-element-684d2ad8 elementor-widget elementor-widget-text-editor\" data-id=\"684d2ad8\" data-element_type=\"widget\" data-widget_type=\"text-editor.default\">\n\t\t\t\t<div class=\"elementor-widget-container\">\n\t\t\t\t\t\t\t\t<div class=\"elementor-text-editor elementor-clearfix\">\n\t\t\t\t<p><span style=\"color: #000000;\">F\u00fcr die neue, sehr brutfreudige und starke V\u00f6lker bildende Biene waren unsere Beuten in der Mehrzahl zu klein. Eine Reihe von Imkerkollegen stellten ihren Betrieb konsequent um auf Dadantma\u00df mit halbhohem Honigraum, andere arbeiteten mit zwei Brutr\u00e4umen im Normalma\u00df, und einige wollten das Ma\u00df nicht wechseln und leisteten sich das Vergn\u00fcgen, in gro\u00dfen Trogbeuten ohne Absperrgitter mit doppeltem Freudensteinma\u00df im Brut- und einfach Freudenstein \u00fcbereinander im Honigabteil zu imkern, so wie ich. Wenn auch die meisten Imkerfreunde zun\u00e4chst ihr bisheriges Bienenmaterial beibehielten, so gab es durch den Einfluss der Buckfastimker doch einen allgemeinen Auftrieb in der Imkerei.<\/span><\/p>\t\t\t\t\t<\/div>\n\t\t\t\t\t\t<\/div>\n\t\t\t\t<\/div>\n\t\t\t\t\t\t<\/div>\n\t\t\t\t\t<\/div>\n\t\t<\/div>\n\t\t\t\t<div class=\"elementor-column elementor-col-50 elementor-top-column elementor-element elementor-element-66180c5d\" data-id=\"66180c5d\" data-element_type=\"column\">\n\t\t\t<div class=\"elementor-column-wrap elementor-element-populated\">\n\t\t\t\t\t\t\t<div class=\"elementor-widget-wrap\">\n\t\t\t\t\t\t<div class=\"elementor-element elementor-element-4a0a9e0 elementor-invisible elementor-widget elementor-widget-image\" data-id=\"4a0a9e0\" data-element_type=\"widget\" data-settings=\"{&quot;_animation&quot;:&quot;slideInRight&quot;}\" data-widget_type=\"image.default\">\n\t\t\t\t<div class=\"elementor-widget-container\">\n\t\t\t\t\t\t\t\t<div class=\"elementor-image\">\n\t\t\t\t\t\t\t\t\t<figure class=\"wp-caption\">\n\t\t\t\t\t\t\t\t\t\t<img width=\"1094\" height=\"844\" src=\"https:\/\/imker-stadt-kassel.de\/wp-content\/uploads\/2021\/08\/Trogbeuten_Einwinterung_September.png\" class=\"elementor-animation-grow attachment-full size-full wp-image-3478\" alt=\"\" srcset=\"https:\/\/imker-stadt-kassel.de\/wp-content\/uploads\/2021\/08\/Trogbeuten_Einwinterung_September.png 1094w, https:\/\/imker-stadt-kassel.de\/wp-content\/uploads\/2021\/08\/Trogbeuten_Einwinterung_September-300x231.png 300w, https:\/\/imker-stadt-kassel.de\/wp-content\/uploads\/2021\/08\/Trogbeuten_Einwinterung_September-1024x790.png 1024w, https:\/\/imker-stadt-kassel.de\/wp-content\/uploads\/2021\/08\/Trogbeuten_Einwinterung_September-768x592.png 768w\" sizes=\"(max-width: 1094px) 100vw, 1094px\" \/>\t\t\t\t\t\t\t\t\t\t\t<figcaption class=\"widget-image-caption wp-caption-text\">V\u00f6lker in gro\u00dfen Trogbeuten bei der Einwinterung im September...<\/figcaption>\n\t\t\t\t\t\t\t\t\t\t<\/figure>\n\t\t\t\t\t\t\t\t<\/div>\n\t\t\t\t\t\t<\/div>\n\t\t\t\t<\/div>\n\t\t\t\t<div class=\"elementor-element elementor-element-ffe01b2 elementor-invisible elementor-widget elementor-widget-image\" data-id=\"ffe01b2\" data-element_type=\"widget\" data-settings=\"{&quot;_animation&quot;:&quot;slideInRight&quot;}\" data-widget_type=\"image.default\">\n\t\t\t\t<div class=\"elementor-widget-container\">\n\t\t\t\t\t\t\t\t<div class=\"elementor-image\">\n\t\t\t\t\t\t\t\t\t<figure class=\"wp-caption\">\n\t\t\t\t\t\t\t\t\t\t<img width=\"1092\" height=\"846\" src=\"https:\/\/imker-stadt-kassel.de\/wp-content\/uploads\/2021\/08\/Auswinterung_Maerz.png\" class=\"elementor-animation-grow attachment-full size-full wp-image-3479\" alt=\"\" srcset=\"https:\/\/imker-stadt-kassel.de\/wp-content\/uploads\/2021\/08\/Auswinterung_Maerz.png 1092w, https:\/\/imker-stadt-kassel.de\/wp-content\/uploads\/2021\/08\/Auswinterung_Maerz-300x232.png 300w, https:\/\/imker-stadt-kassel.de\/wp-content\/uploads\/2021\/08\/Auswinterung_Maerz-1024x793.png 1024w, https:\/\/imker-stadt-kassel.de\/wp-content\/uploads\/2021\/08\/Auswinterung_Maerz-768x595.png 768w\" sizes=\"(max-width: 1092px) 100vw, 1092px\" \/>\t\t\t\t\t\t\t\t\t\t\t<figcaption class=\"widget-image-caption wp-caption-text\">...und bei der Auswinterung im M\u00e4rz<\/figcaption>\n\t\t\t\t\t\t\t\t\t\t<\/figure>\n\t\t\t\t\t\t\t\t<\/div>\n\t\t\t\t\t\t<\/div>\n\t\t\t\t<\/div>\n\t\t\t\t<div class=\"elementor-element elementor-element-55643680 elementor-widget elementor-widget-text-editor\" data-id=\"55643680\" data-element_type=\"widget\" data-widget_type=\"text-editor.default\">\n\t\t\t\t<div class=\"elementor-widget-container\">\n\t\t\t\t\t\t\t\t<div class=\"elementor-text-editor elementor-clearfix\">\n\t\t\t\t<p><span style=\"color: #000000;\">Unser so verdienstvoller und weit \u00fcber Kassel hinaus bekannte 1. Vorsitzende Heinrich Sch\u00e4del starb am 17. 2. 1975. Er hatte aber auch schon f\u00fcr den weiteren guten Bestand des Vereins vorgesorgt, indem er einige Jahre mit dem bef\u00e4higten 2. Vorsitzenden, G\u00fcnter Ries, zusammenarbeitete, der dann die Leitung des Imkervereins Kassel am 16. 3. 1975 \u00fcbernahm.<\/span><\/p><p><span style=\"color: #000000;\">Der F\u00fchrungsstil war bisher mehr autorit\u00e4r; mit G\u00fcnter Ries geht es nun etwas lockerer, kameradschaftlicher, in der Sache aber doch sehr zielstrebig weiter. So wurde beispielsweise die K\u00f6niginnenzucht praktisch deutlich verbessert. Das bisher nur z\u00f6gernd angenommene Umlarven wurde Allgemeingut. Buckfast- und Carnicamaterial stand und steht auch heute noch wahlweise zur Verf\u00fcgung, und das nicht nur an bestimmten Umlarvtagen.<\/span><\/p>\t\t\t\t\t<\/div>\n\t\t\t\t\t\t<\/div>\n\t\t\t\t<\/div>\n\t\t\t\t<div class=\"elementor-element elementor-element-1736676 elementor-invisible elementor-widget elementor-widget-image\" data-id=\"1736676\" data-element_type=\"widget\" data-settings=\"{&quot;_animation&quot;:&quot;slideInRight&quot;}\" data-widget_type=\"image.default\">\n\t\t\t\t<div class=\"elementor-widget-container\">\n\t\t\t\t\t\t\t\t<div class=\"elementor-image\">\n\t\t\t\t\t\t\t\t\t<figure class=\"wp-caption\">\n\t\t\t\t\t\t\t\t\t\t<img width=\"1082\" height=\"1148\" src=\"https:\/\/imker-stadt-kassel.de\/wp-content\/uploads\/2021\/08\/Gunter_Ries_06.jpg\" class=\"elementor-animation-grow attachment-full size-full wp-image-3480\" alt=\"\" srcset=\"https:\/\/imker-stadt-kassel.de\/wp-content\/uploads\/2021\/08\/Gunter_Ries_06.jpg 1082w, https:\/\/imker-stadt-kassel.de\/wp-content\/uploads\/2021\/08\/Gunter_Ries_06-283x300.jpg 283w, https:\/\/imker-stadt-kassel.de\/wp-content\/uploads\/2021\/08\/Gunter_Ries_06-965x1024.jpg 965w, https:\/\/imker-stadt-kassel.de\/wp-content\/uploads\/2021\/08\/Gunter_Ries_06-768x815.jpg 768w\" sizes=\"(max-width: 1082px) 100vw, 1082px\" \/>\t\t\t\t\t\t\t\t\t\t\t<figcaption class=\"widget-image-caption wp-caption-text\">G\u00fcnter Ries und Bruder Adam<\/figcaption>\n\t\t\t\t\t\t\t\t\t\t<\/figure>\n\t\t\t\t\t\t\t\t<\/div>\n\t\t\t\t\t\t<\/div>\n\t\t\t\t<\/div>\n\t\t\t\t<div class=\"elementor-element elementor-element-1591542 elementor-widget elementor-widget-text-editor\" data-id=\"1591542\" data-element_type=\"widget\" data-widget_type=\"text-editor.default\">\n\t\t\t\t<div class=\"elementor-widget-container\">\n\t\t\t\t\t\t\t\t<div class=\"elementor-text-editor elementor-clearfix\">\n\t\t\t\t<p><span style=\"color: #000000;\">Wenn auch der 1. Vorsitzende \u00fcberzeugter Buckfastimker ist, so werden Zuchtfragen im Verein neutral behandelt, schon gar nicht polemisch, und beide Zuchtrichtungen kommen hier gut miteinander aus. G\u00fcnter Ries, seines Zeichens Studienrat, liegt naturgem\u00e4\u00df die Nachwuchsf\u00f6rderung und Ausbildung besonders nah. So werden von ihm schon \u00fcber Jahre hin Kurse in der Volkshochschule und praktische Unterweisungen von Anf\u00e4ngern an seinem Stand mit gro\u00dfer Geduld durchgef\u00fchrt.<\/span><\/p><p><span style=\"color: #000000;\">Wer sie mitgemacht hat, wird es sicherlich gern best\u00e4tigen, die vielen, gut organisierten Fahrten ins In- und Ausland waren und sind eine angenehme und fachliche Bereicherung. Da nun der Honig in den letzten Jahren (nicht nur 1989) bedeutend st\u00e4rker flie\u00dft, werden vom Vorstand immer wieder Fragen zur einwandfreien Honiggewinnung, Lagerung und Vermarktung angesprochen. Der Imkertag 1990 soll ja im Besonderen auf dieses Thema hinweisen. Anzumerken ist noch die seit Jahren bestehende Verbindung zu Imkerfreunden in der DDR und manchen Fahrten hin und her. Der schon erw\u00e4hnte lockere und kameradschaftliche Umgang untereinander f\u00fchrt dazu, dass manches Problem mit etwas Witz und Freude leichter gel\u00f6st wird.<\/span><\/p><p><span style=\"color: #000000;\">Sicherlich bestimmt der 1. Vorsitzende die Richtlinien der Vereinspolitik, aber ohne die besonderen, treuen und zuverl\u00e4ssigen Mitarbeiter, Kassierer, Schriftf\u00fchrer, Seuchen- und Belegstellenwarte und viele ohne Titel, die sich immer wieder dem Verein selbstlos zur Verf\u00fcgung gestellt haben, w\u00e4re kaum eine Idee zu verwirklichen gewesen.<\/span><\/p>\t\t\t\t\t<\/div>\n\t\t\t\t\t\t<\/div>\n\t\t\t\t<\/div>\n\t\t\t\t<div class=\"elementor-element elementor-element-2aa7ec5f elementor-widget elementor-widget-text-editor\" data-id=\"2aa7ec5f\" data-element_type=\"widget\" data-widget_type=\"text-editor.default\">\n\t\t\t\t<div class=\"elementor-widget-container\">\n\t\t\t\t\t\t\t\t<div class=\"elementor-text-editor elementor-clearfix\">\n\t\t\t\t<h4 style=\"color: #ffc53d; font-family: 'Helvetica Neue', Helvetica, Arial, sans-serif; line-height: 1.1; margin-top: 10px; margin-bottom: 10px; font-size: 18px; letter-spacing: normal; text-transform: none; text-align: left;\"><strong><em>(nach K. Dreher, Festschrift 21. Hessischer Imkertag Kreisimkerverein Kassel 1865-1990 125j\u00e4hriges Bestehen)<\/em><\/strong><\/h4>\t\t\t\t\t<\/div>\n\t\t\t\t\t\t<\/div>\n\t\t\t\t<\/div>\n\t\t\t\t\t\t<\/div>\n\t\t\t\t\t<\/div>\n\t\t<\/div>\n\t\t\t\t\t\t\t\t<\/div>\n\t\t\t\t\t<\/div>\n\t\t<\/section>\n\t\t\t\t\t\t\t\t\t<\/div>\n\t\t\t<\/div>\n\t\t\t\t\t<\/div>\n\t\t","protected":false},"excerpt":{"rendered":"<p>bee market in the netherlands 1956 &#8211; Thomas D. McAvoy\u2014Time &#038; Life Pictures\/Getty Images Zur Geschichte des Bienenz\u00fcchtervereins Kassel von&#8230;<\/p>\n","protected":false},"author":1,"featured_media":0,"parent":0,"menu_order":0,"comment_status":"closed","ping_status":"closed","template":"","meta":[],"_links":{"self":[{"href":"https:\/\/imker-stadt-kassel.de\/index.php?rest_route=\/wp\/v2\/pages\/3427"}],"collection":[{"href":"https:\/\/imker-stadt-kassel.de\/index.php?rest_route=\/wp\/v2\/pages"}],"about":[{"href":"https:\/\/imker-stadt-kassel.de\/index.php?rest_route=\/wp\/v2\/types\/page"}],"author":[{"embeddable":true,"href":"https:\/\/imker-stadt-kassel.de\/index.php?rest_route=\/wp\/v2\/users\/1"}],"replies":[{"embeddable":true,"href":"https:\/\/imker-stadt-kassel.de\/index.php?rest_route=%2Fwp%2Fv2%2Fcomments&post=3427"}],"version-history":[{"count":13,"href":"https:\/\/imker-stadt-kassel.de\/index.php?rest_route=\/wp\/v2\/pages\/3427\/revisions"}],"predecessor-version":[{"id":3664,"href":"https:\/\/imker-stadt-kassel.de\/index.php?rest_route=\/wp\/v2\/pages\/3427\/revisions\/3664"}],"wp:attachment":[{"href":"https:\/\/imker-stadt-kassel.de\/index.php?rest_route=%2Fwp%2Fv2%2Fmedia&parent=3427"}],"curies":[{"name":"wp","href":"https:\/\/api.w.org\/{rel}","templated":true}]}}